{"id":83953,"date":"2019-09-12T18:08:44","date_gmt":"2019-09-12T16:08:44","guid":{"rendered":"https:\/\/intg-new.digitaleo.fr\/?page_id=83953"},"modified":"2019-09-12T18:09:51","modified_gmt":"2019-09-12T16:09:51","slug":"histoire-du-sms","status":"publish","type":"page","link":"https:\/\/www.digitaleo.com\/fr\/histoire-du-sms","title":{"rendered":"L&rsquo;histoire du SMS"},"content":{"rendered":"<div class=\"wpb-content-wrapper\"><p>[vc_row row_height_percent=\u00a0\u00bb0&Prime; override_padding=\u00a0\u00bbyes\u00a0\u00bb h_padding=\u00a0\u00bb2&Prime; top_padding=\u00a0\u00bb2&Prime; bottom_padding=\u00a0\u00bb3&Prime; overlay_alpha=\u00a0\u00bb50&Prime; gutter_size=\u00a0\u00bb3&Prime; column_width_percent=\u00a0\u00bb100&Prime; shift_y=\u00a0\u00bb0&Prime; z_index=\u00a0\u00bb0&Prime;][vc_column width=\u00a0\u00bb1\/1&Prime;][vc_column_text]Toutes ces questions, les quelques milliards d\u2019utilisateurs de t\u00e9l\u00e9phone portable ne se les posent pas, ou si peu. Pourtant, le SMS fait aujourd\u2019hui tellement partie int\u00e9grante de la vie de tous les jours qu\u2019il est int\u00e9ressant d&rsquo;en\u00a0<a title=\"Tout savoir sur le SMS\" href=\"\/tout-sur-les-sms\">apprendre un peu plus<\/a>, ne serait-ce qu\u2019un peu sur ses origines !<\/p>\n<p>&nbsp;<\/p>\n<h2>Tout commence en Finlande<\/h2>\n<p>L\u2019id\u00e9e du message aurait germ\u00e9 chez une \u00e9quipe finlandaise travaillant pour la compagnie Telia Soneira (avant de passer chez Nokia). Le but \u00e9tait que les personnes atteintes de surdit\u00e9 partielle ou totale puissent malgr\u00e9 tout faire usage d\u2019un t\u00e9l\u00e9phone portable. Avec l\u2019apparition de la norme GSM, les pays scandinaves avaient sugg\u00e9r\u00e9 de faire du SMS une norme mondiale \u00e9galement, mais \u00e0 cette \u00e9poque, les nombreux op\u00e9rateurs de t\u00e9l\u00e9phonie mobile demeuraient sceptiques et pensaient encore que ce type de message ne d\u00e9tr\u00f4nerait jamais les appels vocaux.<\/p>\n<p>Mais ils se trompaient car gr\u00e2ce, en autres, \u00e0 son co\u00fbt bien moins \u00e9lev\u00e9 qu\u2019un appel traditionnel, le SMS rencontra vite un vif succ\u00e8s, surtout aupr\u00e8s des jeunes. Et puisque l\u2019\u00e9mission de SMS r\u00e9duisait de mani\u00e8re consid\u00e9rable les embouteillages dans le r\u00e9seau, les op\u00e9rateurs t\u00e9l\u00e9phoniques ne tard\u00e8rent pas \u00e0 suivre le mouvement. L\u2019usage du SMS se r\u00e9pandit vite en Europe, en Asie-Pacifique, en Australie et en Nouvelle-Z\u00e9lande.<\/p>\n<p>On notera qu&rsquo;\u00e0 l&rsquo;origine, le SMS devait \u00eatre uniquement un moyen pour les op\u00e9rateurs d\u2019informer leur client\u00e8le. Il n\u2019\u00e9tait pas question d\u2019\u00e9change de SMS de particulier \u00e0 particulier. Ainsi, le premier SMS datant du mois de d\u00e9cembre 1992 a \u00e9t\u00e9 envoy\u00e9 par un employ\u00e9 de Sema Group, Neil Papworth, de son ordinateur portable \u00e0 son GSM, peut-\u00eatre \u00e0 titre d\u2019essai. Le texte disait \u00ab Merry Christmas ! \u00bb et le message a \u00e9t\u00e9 relay\u00e9 par Vodafone.[\/vc_column_text][\/vc_column][\/vc_row]<\/p>\n<\/div>","protected":false},"excerpt":{"rendered":"<p>[vc_row row_height_percent=\u00a0\u00bb0&Prime; override_padding=\u00a0\u00bbyes\u00a0\u00bb h_padding=\u00a0\u00bb2&Prime; top_padding=\u00a0\u00bb2&Prime; bottom_padding=\u00a0\u00bb3&Prime; overlay_alpha=\u00a0\u00bb50&Prime; gutter_size=\u00a0\u00bb3&Prime; column_width_percent=\u00a0\u00bb100&Prime; shift_y=\u00a0\u00bb0&Prime; z_index=\u00a0\u00bb0&Prime;][vc_column width=\u00a0\u00bb1\/1&Prime;][vc_column_text]Toutes ces questions, les quelques milliards d\u2019utilisateurs de t\u00e9l\u00e9phone [&hellip;]<\/p>\n","protected":false},"author":9,"featured_media":0,"parent":0,"menu_order":0,"comment_status":"closed","ping_status":"closed","template":"","meta":{"_acf_changed":false,"footnotes":""},"class_list":["post-83953","page","type-page","status-publish","hentry","page_category-cocon-semantique"],"acf":[],"yoast_head":"<!-- This site is optimized with the Yoast SEO Premium plugin v27.3 (Yoast SEO v27.3) - https:\/\/yoast.com\/product\/yoast-seo-premium-wordpress\/ -->\n<title>L&#039;histoire du SMS - Digitaleo<\/title>\n<meta name=\"description\" content=\"\u00c0 quand remonte le tout premier SMS \u00e9mis ? Qui a invent\u00e9 le concept ? Quand ? Nous r\u00e9pondons \u00e0 toutes ces questions dans cet article.\" \/>\n<meta name=\"robots\" content=\"index, follow, max-snippet:-1, max-image-preview:large, max-video-preview:-1\" \/>\n<link rel=\"canonical\" href=\"https:\/\/www.digitaleo.com\/fr\/histoire-du-sms\" \/>\n<meta property=\"og:locale\" content=\"fr_FR\" \/>\n<meta property=\"og:type\" content=\"article\" \/>\n<meta property=\"og:title\" content=\"L&#039;histoire du SMS\" \/>\n<meta property=\"og:description\" content=\"\u00c0 quand remonte le tout premier SMS \u00e9mis ? Qui a invent\u00e9 le concept ? Quand ? Nous r\u00e9pondons \u00e0 toutes ces questions dans cet article.\" \/>\n<meta property=\"og:url\" content=\"https:\/\/www.digitaleo.com\/fr\/histoire-du-sms\" \/>\n<meta property=\"og:site_name\" content=\"Digitaleo\" \/>\n<meta property=\"article:publisher\" content=\"https:\/\/www.facebook.com\/digitaleo\/\" \/>\n<meta property=\"article:modified_time\" content=\"2019-09-12T16:09:51+00:00\" \/>\n<meta property=\"og:image\" content=\"https:\/\/www.digitaleo.com\/wp-content\/uploads\/2023\/09\/digitaleo-share.jpg\" \/>\n\t<meta property=\"og:image:width\" content=\"1024\" \/>\n\t<meta property=\"og:image:height\" content=\"512\" \/>\n\t<meta property=\"og:image:type\" content=\"image\/jpeg\" \/>\n<meta name=\"twitter:card\" content=\"summary_large_image\" \/>\n<meta name=\"twitter:site\" content=\"@digitaleo\" \/>\n<meta name=\"twitter:label1\" content=\"Dur\u00e9e de lecture estim\u00e9e\" \/>\n\t<meta name=\"twitter:data1\" content=\"2 minutes\" \/>\n<script type=\"application\/ld+json\" class=\"yoast-schema-graph\">{\"@context\":\"https:\\\/\\\/schema.org\",\"@graph\":[{\"@type\":\"WebPage\",\"@id\":\"https:\\\/\\\/www.digitaleo.com\\\/fr\\\/histoire-du-sms\",\"url\":\"https:\\\/\\\/www.digitaleo.com\\\/fr\\\/histoire-du-sms\",\"name\":\"L'histoire du SMS - Digitaleo\",\"isPartOf\":{\"@id\":\"https:\\\/\\\/www.digitaleo.com\\\/fr\\\/#website\"},\"datePublished\":\"2019-09-12T16:08:44+00:00\",\"dateModified\":\"2019-09-12T16:09:51+00:00\",\"description\":\"\u00c0 quand remonte le tout premier SMS \u00e9mis ? Qui a invent\u00e9 le concept ? Quand ? Nous r\u00e9pondons \u00e0 toutes ces questions dans cet article.\",\"breadcrumb\":{\"@id\":\"https:\\\/\\\/www.digitaleo.com\\\/fr\\\/histoire-du-sms#breadcrumb\"},\"inLanguage\":\"fr-FR\",\"potentialAction\":[{\"@type\":\"ReadAction\",\"target\":[\"https:\\\/\\\/www.digitaleo.com\\\/fr\\\/histoire-du-sms\"]}]},{\"@type\":\"BreadcrumbList\",\"@id\":\"https:\\\/\\\/www.digitaleo.com\\\/fr\\\/histoire-du-sms#breadcrumb\",\"itemListElement\":[{\"@type\":\"ListItem\",\"position\":1,\"name\":\"Home\",\"item\":\"https:\\\/\\\/www.digitaleo.com\\\/fr\"},{\"@type\":\"ListItem\",\"position\":2,\"name\":\"L&rsquo;histoire du SMS\"}]},{\"@type\":\"WebSite\",\"@id\":\"https:\\\/\\\/www.digitaleo.com\\\/fr\\\/#website\",\"url\":\"https:\\\/\\\/www.digitaleo.com\\\/fr\\\/\",\"name\":\"Digitaleo\",\"description\":\"La solution qui simplifie le marketing local.\",\"publisher\":{\"@id\":\"https:\\\/\\\/www.digitaleo.com\\\/fr\\\/#organization\"},\"potentialAction\":[{\"@type\":\"SearchAction\",\"target\":{\"@type\":\"EntryPoint\",\"urlTemplate\":\"https:\\\/\\\/www.digitaleo.com\\\/fr\\\/?s={search_term_string}\"},\"query-input\":{\"@type\":\"PropertyValueSpecification\",\"valueRequired\":true,\"valueName\":\"search_term_string\"}}],\"inLanguage\":\"fr-FR\"},{\"@type\":\"Organization\",\"@id\":\"https:\\\/\\\/www.digitaleo.com\\\/fr\\\/#organization\",\"name\":\"Digitaleo\",\"url\":\"https:\\\/\\\/www.digitaleo.com\\\/fr\\\/\",\"logo\":{\"@type\":\"ImageObject\",\"inLanguage\":\"fr-FR\",\"@id\":\"https:\\\/\\\/www.digitaleo.com\\\/fr\\\/#\\\/schema\\\/logo\\\/image\\\/\",\"url\":\"https:\\\/\\\/www.digitaleo.com\\\/wp-content\\\/uploads\\\/2021\\\/02\\\/logo-digitaleoHD-bgbleu-2.jpg\",\"contentUrl\":\"https:\\\/\\\/www.digitaleo.com\\\/wp-content\\\/uploads\\\/2021\\\/02\\\/logo-digitaleoHD-bgbleu-2.jpg\",\"width\":842,\"height\":596,\"caption\":\"Digitaleo\"},\"image\":{\"@id\":\"https:\\\/\\\/www.digitaleo.com\\\/fr\\\/#\\\/schema\\\/logo\\\/image\\\/\"},\"sameAs\":[\"https:\\\/\\\/www.facebook.com\\\/digitaleo\\\/\",\"https:\\\/\\\/x.com\\\/digitaleo\",\"https:\\\/\\\/www.instagram.com\\\/digitaleo\\\/\",\"https:\\\/\\\/www.linkedin.com\\\/company\\\/digitaleo\",\"https:\\\/\\\/www.youtube.com\\\/user\\\/DigitaleoFR\"],\"description\":\"Depuis 2004, Digitaleo accompagne plus de 600 r\u00e9seaux en leur proposant une solution qui facilite la gestion centralis\u00e9e ou d\u00e9centralis\u00e9e de leurs actions de marketing local. La plateforme SaaS tout-en-un regroupe l\u2019ensemble des outils essentiels au marketing local : presence management, store locator, avis clients, r\u00e9seaux sociaux, campagnes sponsoris\u00e9es, marketing direct, digital asset management, print et goodies. R\u00e9pondant ainsi aux objectifs strat\u00e9giques de ses clients en mati\u00e8re de notori\u00e9t\u00e9, acquisition et fid\u00e9lisation. Digitaleo c\u2019est aussi une offre servicielle pens\u00e9e pour piloter des strat\u00e9gies nationales et multi-locales avec 3 expertises d\u00e9di\u00e9es: Ads : campagnes sponsoris\u00e9es certifi\u00e9es sur Google, Meta, Pinterest, TikTok. Cr\u00e9a : conception de concepts cr\u00e9atifs impactants. Multicanale : leviers traditionnels (SMS, mailing\u2026) et innovants (DOOH, RCS, WhatsApp, TV segment\u00e9e\u2026).\",\"telephone\":\"0256036700\",\"vatID\":\"FR17451322119\",\"taxID\":\"451 322 119 00038\",\"numberOfEmployees\":{\"@type\":\"QuantitativeValue\",\"minValue\":\"51\",\"maxValue\":\"200\"}}]}<\/script>\n<!-- \/ Yoast SEO Premium plugin. -->","yoast_head_json":{"title":"L'histoire du SMS - Digitaleo","description":"\u00c0 quand remonte le tout premier SMS \u00e9mis ? Qui a invent\u00e9 le concept ? Quand ? Nous r\u00e9pondons \u00e0 toutes ces questions dans cet article.","robots":{"index":"index","follow":"follow","max-snippet":"max-snippet:-1","max-image-preview":"max-image-preview:large","max-video-preview":"max-video-preview:-1"},"canonical":"https:\/\/www.digitaleo.com\/fr\/histoire-du-sms","og_locale":"fr_FR","og_type":"article","og_title":"L'histoire du SMS","og_description":"\u00c0 quand remonte le tout premier SMS \u00e9mis ? Qui a invent\u00e9 le concept ? Quand ? Nous r\u00e9pondons \u00e0 toutes ces questions dans cet article.","og_url":"https:\/\/www.digitaleo.com\/fr\/histoire-du-sms","og_site_name":"Digitaleo","article_publisher":"https:\/\/www.facebook.com\/digitaleo\/","article_modified_time":"2019-09-12T16:09:51+00:00","og_image":[{"width":1024,"height":512,"url":"https:\/\/www.digitaleo.com\/wp-content\/uploads\/2023\/09\/digitaleo-share.jpg","type":"image\/jpeg"}],"twitter_card":"summary_large_image","twitter_site":"@digitaleo","twitter_misc":{"Dur\u00e9e de lecture estim\u00e9e":"2 minutes"},"schema":{"@context":"https:\/\/schema.org","@graph":[{"@type":"WebPage","@id":"https:\/\/www.digitaleo.com\/fr\/histoire-du-sms","url":"https:\/\/www.digitaleo.com\/fr\/histoire-du-sms","name":"L'histoire du SMS - Digitaleo","isPartOf":{"@id":"https:\/\/www.digitaleo.com\/fr\/#website"},"datePublished":"2019-09-12T16:08:44+00:00","dateModified":"2019-09-12T16:09:51+00:00","description":"\u00c0 quand remonte le tout premier SMS \u00e9mis ? Qui a invent\u00e9 le concept ? Quand ? Nous r\u00e9pondons \u00e0 toutes ces questions dans cet article.","breadcrumb":{"@id":"https:\/\/www.digitaleo.com\/fr\/histoire-du-sms#breadcrumb"},"inLanguage":"fr-FR","potentialAction":[{"@type":"ReadAction","target":["https:\/\/www.digitaleo.com\/fr\/histoire-du-sms"]}]},{"@type":"BreadcrumbList","@id":"https:\/\/www.digitaleo.com\/fr\/histoire-du-sms#breadcrumb","itemListElement":[{"@type":"ListItem","position":1,"name":"Home","item":"https:\/\/www.digitaleo.com\/fr"},{"@type":"ListItem","position":2,"name":"L&rsquo;histoire du SMS"}]},{"@type":"WebSite","@id":"https:\/\/www.digitaleo.com\/fr\/#website","url":"https:\/\/www.digitaleo.com\/fr\/","name":"Digitaleo","description":"La solution qui simplifie le marketing local.","publisher":{"@id":"https:\/\/www.digitaleo.com\/fr\/#organization"},"potentialAction":[{"@type":"SearchAction","target":{"@type":"EntryPoint","urlTemplate":"https:\/\/www.digitaleo.com\/fr\/?s={search_term_string}"},"query-input":{"@type":"PropertyValueSpecification","valueRequired":true,"valueName":"search_term_string"}}],"inLanguage":"fr-FR"},{"@type":"Organization","@id":"https:\/\/www.digitaleo.com\/fr\/#organization","name":"Digitaleo","url":"https:\/\/www.digitaleo.com\/fr\/","logo":{"@type":"ImageObject","inLanguage":"fr-FR","@id":"https:\/\/www.digitaleo.com\/fr\/#\/schema\/logo\/image\/","url":"https:\/\/www.digitaleo.com\/wp-content\/uploads\/2021\/02\/logo-digitaleoHD-bgbleu-2.jpg","contentUrl":"https:\/\/www.digitaleo.com\/wp-content\/uploads\/2021\/02\/logo-digitaleoHD-bgbleu-2.jpg","width":842,"height":596,"caption":"Digitaleo"},"image":{"@id":"https:\/\/www.digitaleo.com\/fr\/#\/schema\/logo\/image\/"},"sameAs":["https:\/\/www.facebook.com\/digitaleo\/","https:\/\/x.com\/digitaleo","https:\/\/www.instagram.com\/digitaleo\/","https:\/\/www.linkedin.com\/company\/digitaleo","https:\/\/www.youtube.com\/user\/DigitaleoFR"],"description":"Depuis 2004, Digitaleo accompagne plus de 600 r\u00e9seaux en leur proposant une solution qui facilite la gestion centralis\u00e9e ou d\u00e9centralis\u00e9e de leurs actions de marketing local. La plateforme SaaS tout-en-un regroupe l\u2019ensemble des outils essentiels au marketing local : presence management, store locator, avis clients, r\u00e9seaux sociaux, campagnes sponsoris\u00e9es, marketing direct, digital asset management, print et goodies. R\u00e9pondant ainsi aux objectifs strat\u00e9giques de ses clients en mati\u00e8re de notori\u00e9t\u00e9, acquisition et fid\u00e9lisation. Digitaleo c\u2019est aussi une offre servicielle pens\u00e9e pour piloter des strat\u00e9gies nationales et multi-locales avec 3 expertises d\u00e9di\u00e9es: Ads : campagnes sponsoris\u00e9es certifi\u00e9es sur Google, Meta, Pinterest, TikTok. Cr\u00e9a : conception de concepts cr\u00e9atifs impactants. Multicanale : leviers traditionnels (SMS, mailing\u2026) et innovants (DOOH, RCS, WhatsApp, TV segment\u00e9e\u2026).","telephone":"0256036700","vatID":"FR17451322119","taxID":"451 322 119 00038","numberOfEmployees":{"@type":"QuantitativeValue","minValue":"51","maxValue":"200"}}]}},"_links":{"self":[{"href":"https:\/\/www.digitaleo.com\/fr\/wp-json\/wp\/v2\/pages\/83953","targetHints":{"allow":["GET"]}}],"collection":[{"href":"https:\/\/www.digitaleo.com\/fr\/wp-json\/wp\/v2\/pages"}],"about":[{"href":"https:\/\/www.digitaleo.com\/fr\/wp-json\/wp\/v2\/types\/page"}],"author":[{"embeddable":true,"href":"https:\/\/www.digitaleo.com\/fr\/wp-json\/wp\/v2\/users\/9"}],"replies":[{"embeddable":true,"href":"https:\/\/www.digitaleo.com\/fr\/wp-json\/wp\/v2\/comments?post=83953"}],"version-history":[{"count":4,"href":"https:\/\/www.digitaleo.com\/fr\/wp-json\/wp\/v2\/pages\/83953\/revisions"}],"predecessor-version":[{"id":88638,"href":"https:\/\/www.digitaleo.com\/fr\/wp-json\/wp\/v2\/pages\/83953\/revisions\/88638"}],"wp:attachment":[{"href":"https:\/\/www.digitaleo.com\/fr\/wp-json\/wp\/v2\/media?parent=83953"}],"curies":[{"name":"wp","href":"https:\/\/api.w.org\/{rel}","templated":true}]}}