{"id":79899,"date":"2023-10-23T11:36:49","date_gmt":"2023-10-23T09:36:49","guid":{"rendered":"https:\/\/intg-new.digitaleo.fr\/?page_id=79899"},"modified":"2024-07-15T15:46:05","modified_gmt":"2024-07-15T13:46:05","slug":"nos-engagements-sur-le-rgpd","status":"publish","type":"page","link":"https:\/\/www.digitaleo.com\/fr\/nos-engagements-sur-le-rgpd","title":{"rendered":"Nos engagements sur le RGPD"},"content":{"rendered":"<div class=\"wpb-content-wrapper\"><p>[vc_row row_height_percent=\u00a0\u00bb0&Prime; override_padding=\u00a0\u00bbyes\u00a0\u00bb h_padding=\u00a0\u00bb2&Prime; top_padding=\u00a0\u00bb4&Prime; bottom_padding=\u00a0\u00bb2&Prime; overlay_alpha=\u00a0\u00bb50&Prime; gutter_size=\u00a0\u00bb3&Prime; column_width_percent=\u00a0\u00bb100&Prime; shift_y=\u00a0\u00bb0&Prime; z_index=\u00a0\u00bb0&Prime;][vc_column column_width_percent=\u00a0\u00bb100&Prime; align_horizontal=\u00a0\u00bbalign_center\u00a0\u00bb gutter_size=\u00a0\u00bb3&Prime; overlay_alpha=\u00a0\u00bb50&Prime; shift_x=\u00a0\u00bb0&Prime; shift_y=\u00a0\u00bb0&Prime; shift_y_down=\u00a0\u00bb0&Prime; z_index=\u00a0\u00bb0&Prime; medium_width=\u00a0\u00bb0&Prime; mobile_width=\u00a0\u00bb0&Prime; width=\u00a0\u00bb1\/1&Prime;][vc_custom_heading heading_semantic=\u00a0\u00bbh4&Prime; text_size=\u00a0\u00bbh4&Prime; text_weight=\u00a0\u00bb400&Prime; separator_color=\u00a0\u00bbyes\u00a0\u00bb separator=\u00a0\u00bbyes\u00a0\u00bb uncode_shortcode_id=\u00a0\u00bb452310&Prime;]<a href=\"https:\/\/www.digitaleo.com\/fr\/politique-confidentialite\" target=\"_blank\" rel=\"noopener\">Lire notre politique sur l\u2019utilisation des donn\u00e9es personnelles.<\/a>[\/vc_custom_heading][\/vc_column][\/vc_row][vc_row row_height_percent=\u00a0\u00bb0&Prime; override_padding=\u00a0\u00bbyes\u00a0\u00bb h_padding=\u00a0\u00bb2&Prime; top_padding=\u00a0\u00bb3&Prime; bottom_padding=\u00a0\u00bb3&Prime; overlay_alpha=\u00a0\u00bb0&Prime; gutter_size=\u00a0\u00bb100&Prime; column_width_percent=\u00a0\u00bb100&Prime; shift_y=\u00a0\u00bb0&Prime; z_index=\u00a0\u00bb0&Prime; style=\u00a0\u00bbinherited\u00a0\u00bb][vc_column column_width_percent=\u00a0\u00bb100&Prime; position_horizontal=\u00a0\u00bbleft\u00a0\u00bb align_horizontal=\u00a0\u00bbalign_center\u00a0\u00bb gutter_size=\u00a0\u00bb4&Prime; overlay_alpha=\u00a0\u00bb100&Prime; shift_x=\u00a0\u00bb0&Prime; shift_y=\u00a0\u00bb0&Prime; medium_width=\u00a0\u00bb0&Prime; zoom_width=\u00a0\u00bb0&Prime; zoom_height=\u00a0\u00bb0&Prime; width=\u00a0\u00bb1\/1&Prime;][vc_row_inner row_inner_height_percent=\u00a0\u00bb0&Prime; overlay_alpha=\u00a0\u00bb100&Prime; gutter_size=\u00a0\u00bb4&Prime; shift_y=\u00a0\u00bb0&Prime;][vc_column_inner column_width_percent=\u00a0\u00bb100&Prime; align_horizontal=\u00a0\u00bbalign_center\u00a0\u00bb gutter_size=\u00a0\u00bb3&Prime; overlay_alpha=\u00a0\u00bb100&Prime; shift_x=\u00a0\u00bb0&Prime; shift_y=\u00a0\u00bb0&Prime; shift_y_down=\u00a0\u00bb0&Prime; z_index=\u00a0\u00bb0&Prime; medium_width=\u00a0\u00bb0&Prime; mobile_width=\u00a0\u00bb0&Prime; zoom_width=\u00a0\u00bb0&Prime; zoom_height=\u00a0\u00bb0&Prime; width=\u00a0\u00bb1\/3&Prime;][vc_icon icon=\u00a0\u00bbfa fa-check\u00a0\u00bb icon_color=\u00a0\u00bbaccent\u00a0\u00bb size=\u00a0\u00bbfa-3x\u00a0\u00bb text_font=\u00a0\u00bbfont-762333&Prime; text_size=\u00a0\u00bbh4&Prime; text_space=\u00a0\u00bbfontspace-111509&Prime; text_reduced=\u00a0\u00bbyes\u00a0\u00bb align=\u00a0\u00bbleft\u00a0\u00bb title=\u00a0\u00bbGestion auto des d\u00e9sabonnements\u00a0\u00bb uncode_shortcode_id=\u00a0\u00bb101209&Prime; icon_color_type=\u00a0\u00bbuncode-palette\u00a0\u00bb]Dispositif de d\u00e9sinscription synchronis\u00e9s \u00e0 avec votre base.[\/vc_icon][\/vc_column_inner][vc_column_inner column_width_percent=\u00a0\u00bb100&Prime; align_horizontal=\u00a0\u00bbalign_center\u00a0\u00bb gutter_size=\u00a0\u00bb3&Prime; overlay_alpha=\u00a0\u00bb100&Prime; shift_x=\u00a0\u00bb0&Prime; shift_y=\u00a0\u00bb0&Prime; shift_y_down=\u00a0\u00bb0&Prime; z_index=\u00a0\u00bb0&Prime; medium_width=\u00a0\u00bb0&Prime; mobile_width=\u00a0\u00bb0&Prime; zoom_width=\u00a0\u00bb0&Prime; zoom_height=\u00a0\u00bb0&Prime; width=\u00a0\u00bb1\/3&Prime;][vc_icon icon=\u00a0\u00bbfa fa-check\u00a0\u00bb icon_color=\u00a0\u00bbaccent\u00a0\u00bb size=\u00a0\u00bbfa-3x\u00a0\u00bb text_font=\u00a0\u00bbfont-762333&Prime; text_size=\u00a0\u00bbh4&Prime; text_space=\u00a0\u00bbfontspace-111509&Prime; text_reduced=\u00a0\u00bbyes\u00a0\u00bb align=\u00a0\u00bbleft\u00a0\u00bb title=\u00a0\u00bbBase de donn\u00e9es\u00a0\u00bb uncode_shortcode_id=\u00a0\u00bb470705&Prime; icon_color_type=\u00a0\u00bbuncode-palette\u00a0\u00bb]Suppression, rectification et purge des contacts simplifi\u00e9e.[\/vc_icon][\/vc_column_inner][vc_column_inner column_width_percent=\u00a0\u00bb100&Prime; align_horizontal=\u00a0\u00bbalign_center\u00a0\u00bb gutter_size=\u00a0\u00bb3&Prime; overlay_alpha=\u00a0\u00bb100&Prime; shift_x=\u00a0\u00bb0&Prime; shift_y=\u00a0\u00bb0&Prime; shift_y_down=\u00a0\u00bb0&Prime; z_index=\u00a0\u00bb0&Prime; medium_width=\u00a0\u00bb0&Prime; mobile_width=\u00a0\u00bb0&Prime; zoom_width=\u00a0\u00bb0&Prime; zoom_height=\u00a0\u00bb0&Prime; width=\u00a0\u00bb1\/3&Prime;][vc_icon icon=\u00a0\u00bbfa fa-check\u00a0\u00bb icon_color=\u00a0\u00bbaccent\u00a0\u00bb size=\u00a0\u00bbfa-3x\u00a0\u00bb text_font=\u00a0\u00bbfont-762333&Prime; text_size=\u00a0\u00bbh4&Prime; text_space=\u00a0\u00bbfontspace-111509&Prime; text_reduced=\u00a0\u00bbyes\u00a0\u00bb align=\u00a0\u00bbleft\u00a0\u00bb title=\u00a0\u00bbFormulaire conforme RGPD\u00a0\u00bb uncode_shortcode_id=\u00a0\u00bb164455&Prime; icon_color_type=\u00a0\u00bbuncode-palette\u00a0\u00bb]Recueil et tra\u00e7abilit\u00e9 du consentement et ajout de mentions l\u00e9gales.[\/vc_icon][\/vc_column_inner][\/vc_row_inner][vc_row_inner row_inner_height_percent=\u00a0\u00bb0&Prime; overlay_alpha=\u00a0\u00bb100&Prime; gutter_size=\u00a0\u00bb4&Prime; shift_y=\u00a0\u00bb0&Prime;][vc_column_inner column_width_percent=\u00a0\u00bb100&Prime; align_horizontal=\u00a0\u00bbalign_center\u00a0\u00bb gutter_size=\u00a0\u00bb3&Prime; overlay_alpha=\u00a0\u00bb100&Prime; shift_x=\u00a0\u00bb0&Prime; shift_y=\u00a0\u00bb0&Prime; shift_y_down=\u00a0\u00bb0&Prime; z_index=\u00a0\u00bb0&Prime; medium_width=\u00a0\u00bb0&Prime; mobile_width=\u00a0\u00bb0&Prime; zoom_width=\u00a0\u00bb0&Prime; zoom_height=\u00a0\u00bb0&Prime; width=\u00a0\u00bb1\/4&Prime;][vc_icon icon=\u00a0\u00bbfa fa-check\u00a0\u00bb icon_color=\u00a0\u00bbaccent\u00a0\u00bb size=\u00a0\u00bbfa-3x\u00a0\u00bb text_font=\u00a0\u00bbfont-762333&Prime; text_size=\u00a0\u00bbh4&Prime; text_space=\u00a0\u00bbfontspace-111509&Prime; text_reduced=\u00a0\u00bbyes\u00a0\u00bb align=\u00a0\u00bbleft\u00a0\u00bb title=\u00a0\u00bbPortabilit\u00e9 des donn\u00e9es\u00a0\u00bb uncode_shortcode_id=\u00a0\u00bb181786&Prime; icon_color_type=\u00a0\u00bbuncode-palette\u00a0\u00bb]Extraction de vos donn\u00e9es possibles (base de contact, liste d&rsquo;opt-out&#8230;).[\/vc_icon][\/vc_column_inner][vc_column_inner column_width_percent=\u00a0\u00bb100&Prime; align_horizontal=\u00a0\u00bbalign_center\u00a0\u00bb gutter_size=\u00a0\u00bb3&Prime; overlay_alpha=\u00a0\u00bb100&Prime; shift_x=\u00a0\u00bb0&Prime; shift_y=\u00a0\u00bb0&Prime; shift_y_down=\u00a0\u00bb0&Prime; z_index=\u00a0\u00bb0&Prime; medium_width=\u00a0\u00bb0&Prime; mobile_width=\u00a0\u00bb0&Prime; zoom_width=\u00a0\u00bb0&Prime; zoom_height=\u00a0\u00bb0&Prime; width=\u00a0\u00bb1\/4&Prime;][vc_icon icon=\u00a0\u00bbfa fa-check\u00a0\u00bb icon_color=\u00a0\u00bbaccent\u00a0\u00bb size=\u00a0\u00bbfa-3x\u00a0\u00bb text_font=\u00a0\u00bbfont-762333&Prime; text_size=\u00a0\u00bbh4&Prime; text_space=\u00a0\u00bbfontspace-111509&Prime; text_reduced=\u00a0\u00bbyes\u00a0\u00bb align=\u00a0\u00bbleft\u00a0\u00bb title=\u00a0\u00bbPrivacy by design\u00a0\u00bb uncode_shortcode_id=\u00a0\u00bb136430&Prime; icon_color_type=\u00a0\u00bbuncode-palette\u00a0\u00bb]Respect de la vie priv\u00e9e<br \/>\nd\u00e8s la conception<br \/>\nde l\u2019outil.[\/vc_icon][\/vc_column_inner][vc_column_inner column_width_percent=\u00a0\u00bb100&Prime; align_horizontal=\u00a0\u00bbalign_center\u00a0\u00bb gutter_size=\u00a0\u00bb3&Prime; overlay_alpha=\u00a0\u00bb100&Prime; shift_x=\u00a0\u00bb0&Prime; shift_y=\u00a0\u00bb0&Prime; shift_y_down=\u00a0\u00bb0&Prime; z_index=\u00a0\u00bb0&Prime; medium_width=\u00a0\u00bb0&Prime; mobile_width=\u00a0\u00bb0&Prime; zoom_width=\u00a0\u00bb0&Prime; zoom_height=\u00a0\u00bb0&Prime; width=\u00a0\u00bb1\/4&Prime;][vc_icon icon=\u00a0\u00bbfa fa-check\u00a0\u00bb icon_color=\u00a0\u00bbaccent\u00a0\u00bb size=\u00a0\u00bbfa-3x\u00a0\u00bb text_font=\u00a0\u00bbfont-762333&Prime; text_size=\u00a0\u00bbh4&Prime; align=\u00a0\u00bbleft\u00a0\u00bb title=\u00a0\u00bbInterlocuteur d\u00e9di\u00e9\u00a0\u00bb uncode_shortcode_id=\u00a0\u00bb101079&Prime; icon_color_type=\u00a0\u00bbuncode-palette\u00a0\u00bb]DPO Digitaleo pour<br \/>\nr\u00e9pondre \u00e0 vos questions<br \/>\nsur la protection des donn\u00e9es.[\/vc_icon][\/vc_column_inner][vc_column_inner column_width_percent=\u00a0\u00bb100&Prime; position_vertical=\u00a0\u00bbmiddle\u00a0\u00bb align_horizontal=\u00a0\u00bbalign_center\u00a0\u00bb gutter_size=\u00a0\u00bb3&Prime; overlay_alpha=\u00a0\u00bb50&Prime; shift_x=\u00a0\u00bb0&Prime; shift_y=\u00a0\u00bb0&Prime; shift_y_down=\u00a0\u00bb0&Prime; z_index=\u00a0\u00bb0&Prime; medium_width=\u00a0\u00bb0&Prime; mobile_width=\u00a0\u00bb0&Prime; width=\u00a0\u00bb1\/4&Prime;][vc_icon icon=\u00a0\u00bbfa fa-check\u00a0\u00bb icon_color=\u00a0\u00bbaccent\u00a0\u00bb size=\u00a0\u00bbfa-3x\u00a0\u00bb text_font=\u00a0\u00bbfont-762333&Prime; text_size=\u00a0\u00bbh4&Prime; align=\u00a0\u00bbleft\u00a0\u00bb title=\u00a0\u00bbTraitement\u00a0\u00bb uncode_shortcode_id=\u00a0\u00bb781237&Prime; icon_color_type=\u00a0\u00bbuncode-palette\u00a0\u00bb]Recensement et analyse de l&rsquo;ensemble des donn\u00e9es personnelles trait\u00e9es par Digitaleo.[\/vc_icon][\/vc_column_inner][\/vc_row_inner][\/vc_column][\/vc_row][vc_row row_height_percent=\u00a0\u00bb0&Prime; override_padding=\u00a0\u00bbyes\u00a0\u00bb h_padding=\u00a0\u00bb3&Prime; top_padding=\u00a0\u00bb3&Prime; bottom_padding=\u00a0\u00bb3&Prime; back_color=\u00a0\u00bbcolor-gyho\u00a0\u00bb overlay_alpha=\u00a0\u00bb50&Prime; gutter_size=\u00a0\u00bb3&Prime; column_width_percent=\u00a0\u00bb100&Prime; shift_y=\u00a0\u00bb0&Prime; z_index=\u00a0\u00bb0&Prime;][vc_column column_width_percent=\u00a0\u00bb100&Prime; align_horizontal=\u00a0\u00bbalign_center\u00a0\u00bb gutter_size=\u00a0\u00bb3&Prime; overlay_alpha=\u00a0\u00bb50&Prime; shift_x=\u00a0\u00bb0&Prime; shift_y=\u00a0\u00bb0&Prime; shift_y_down=\u00a0\u00bb0&Prime; z_index=\u00a0\u00bb0&Prime; medium_width=\u00a0\u00bb0&Prime; mobile_width=\u00a0\u00bb0&Prime; width=\u00a0\u00bb1\/1&Prime;][vc_column_text text_lead=\u00a0\u00bbyes\u00a0\u00bb uncode_shortcode_id=\u00a0\u00bb209859&Prime;]Digitaleo permet \u00e0 toutes personnes d\u2019exercer son droit d\u2019acc\u00e8s aux donn\u00e9es le concernant et les faire rectifier.<br \/>\nPour plus d&rsquo;information, vous pouvez remplir notre\u00a0<a title=\"Formulaire de contact RGPD\" href=\"http:\/\/info.digitaleo.fr\/gestion-de-vos-donn%C3%A9es-personnelles\" target=\"_blank\" rel=\"noopener noreferrer\">formulaire de contact<\/a>\u00a0ou nous adresser directement un courrier.[\/vc_column_text][\/vc_column][\/vc_row]<\/p>\n<\/div>","protected":false},"excerpt":{"rendered":"<p>[vc_row row_height_percent=\u00a0\u00bb0&Prime; override_padding=\u00a0\u00bbyes\u00a0\u00bb h_padding=\u00a0\u00bb2&Prime; top_padding=\u00a0\u00bb4&Prime; bottom_padding=\u00a0\u00bb2&Prime; overlay_alpha=\u00a0\u00bb50&Prime; gutter_size=\u00a0\u00bb3&Prime; column_width_percent=\u00a0\u00bb100&Prime; shift_y=\u00a0\u00bb0&Prime; z_index=\u00a0\u00bb0&Prime;][vc_column column_width_percent=\u00a0\u00bb100&Prime; align_horizontal=\u00a0\u00bbalign_center\u00a0\u00bb gutter_size=\u00a0\u00bb3&Prime; overlay_alpha=\u00a0\u00bb50&Prime; shift_x=\u00a0\u00bb0&Prime; shift_y=\u00a0\u00bb0&Prime; shift_y_down=\u00a0\u00bb0&Prime; z_index=\u00a0\u00bb0&Prime; medium_width=\u00a0\u00bb0&Prime; [&hellip;]<\/p>\n","protected":false},"author":42,"featured_media":0,"parent":0,"menu_order":0,"comment_status":"closed","ping_status":"closed","template":"","meta":{"_acf_changed":false,"footnotes":""},"class_list":["post-79899","page","type-page","status-publish","hentry"],"acf":[],"yoast_head":"<!-- This site is optimized with the Yoast SEO Premium plugin v27.3 (Yoast SEO v27.3) - https:\/\/yoast.com\/product\/yoast-seo-premium-wordpress\/ -->\n<title>Nos engagements sur le RGPD - Digitaleo<\/title>\n<meta name=\"description\" content=\"DIGITALEO s&#039;engage \u00e0 ce que la fa\u00e7on dont les donn\u00e9es des Utilisateurs sont trait\u00e9es soit conforme \u00e0 la Loi informatique et libert\u00e9s.\" \/>\n<meta name=\"robots\" content=\"index, follow, max-snippet:-1, max-image-preview:large, max-video-preview:-1\" \/>\n<link rel=\"canonical\" href=\"https:\/\/www.digitaleo.com\/fr\/nos-engagements-sur-le-rgpd\" \/>\n<meta property=\"og:locale\" content=\"fr_FR\" \/>\n<meta property=\"og:type\" content=\"article\" \/>\n<meta property=\"og:title\" content=\"Nos engagements sur le RGPD\" \/>\n<meta property=\"og:description\" content=\"DIGITALEO s&#039;engage \u00e0 ce que la fa\u00e7on dont les donn\u00e9es des Utilisateurs sont trait\u00e9es soit conforme \u00e0 la Loi informatique et libert\u00e9s.\" \/>\n<meta property=\"og:url\" content=\"https:\/\/www.digitaleo.com\/fr\/nos-engagements-sur-le-rgpd\" \/>\n<meta property=\"og:site_name\" content=\"Digitaleo\" \/>\n<meta property=\"article:publisher\" content=\"https:\/\/www.facebook.com\/digitaleo\/\" \/>\n<meta property=\"article:modified_time\" content=\"2024-07-15T13:46:05+00:00\" \/>\n<meta property=\"og:image\" content=\"https:\/\/www.digitaleo.com\/wp-content\/uploads\/2023\/09\/digitaleo-share.jpg\" \/>\n\t<meta property=\"og:image:width\" content=\"1024\" \/>\n\t<meta property=\"og:image:height\" content=\"512\" \/>\n\t<meta property=\"og:image:type\" content=\"image\/jpeg\" \/>\n<meta name=\"twitter:card\" content=\"summary_large_image\" \/>\n<meta name=\"twitter:site\" content=\"@digitaleo\" \/>\n<meta name=\"twitter:label1\" content=\"Dur\u00e9e de lecture estim\u00e9e\" \/>\n\t<meta name=\"twitter:data1\" content=\"2 minutes\" \/>\n<script type=\"application\/ld+json\" class=\"yoast-schema-graph\">{\"@context\":\"https:\\\/\\\/schema.org\",\"@graph\":[{\"@type\":\"WebPage\",\"@id\":\"https:\\\/\\\/www.digitaleo.com\\\/fr\\\/nos-engagements-sur-le-rgpd\",\"url\":\"https:\\\/\\\/www.digitaleo.com\\\/fr\\\/nos-engagements-sur-le-rgpd\",\"name\":\"Nos engagements sur le RGPD - Digitaleo\",\"isPartOf\":{\"@id\":\"https:\\\/\\\/www.digitaleo.com\\\/fr\\\/#website\"},\"datePublished\":\"2023-10-23T09:36:49+00:00\",\"dateModified\":\"2024-07-15T13:46:05+00:00\",\"description\":\"DIGITALEO s'engage \u00e0 ce que la fa\u00e7on dont les donn\u00e9es des Utilisateurs sont trait\u00e9es soit conforme \u00e0 la Loi informatique et libert\u00e9s.\",\"breadcrumb\":{\"@id\":\"https:\\\/\\\/www.digitaleo.com\\\/fr\\\/nos-engagements-sur-le-rgpd#breadcrumb\"},\"inLanguage\":\"fr-FR\",\"potentialAction\":[{\"@type\":\"ReadAction\",\"target\":[\"https:\\\/\\\/www.digitaleo.com\\\/fr\\\/nos-engagements-sur-le-rgpd\"]}]},{\"@type\":\"BreadcrumbList\",\"@id\":\"https:\\\/\\\/www.digitaleo.com\\\/fr\\\/nos-engagements-sur-le-rgpd#breadcrumb\",\"itemListElement\":[{\"@type\":\"ListItem\",\"position\":1,\"name\":\"Home\",\"item\":\"https:\\\/\\\/www.digitaleo.com\\\/fr\"},{\"@type\":\"ListItem\",\"position\":2,\"name\":\"Nos engagements sur le RGPD\"}]},{\"@type\":\"WebSite\",\"@id\":\"https:\\\/\\\/www.digitaleo.com\\\/fr\\\/#website\",\"url\":\"https:\\\/\\\/www.digitaleo.com\\\/fr\\\/\",\"name\":\"Digitaleo\",\"description\":\"La solution qui simplifie le marketing local.\",\"publisher\":{\"@id\":\"https:\\\/\\\/www.digitaleo.com\\\/fr\\\/#organization\"},\"potentialAction\":[{\"@type\":\"SearchAction\",\"target\":{\"@type\":\"EntryPoint\",\"urlTemplate\":\"https:\\\/\\\/www.digitaleo.com\\\/fr\\\/?s={search_term_string}\"},\"query-input\":{\"@type\":\"PropertyValueSpecification\",\"valueRequired\":true,\"valueName\":\"search_term_string\"}}],\"inLanguage\":\"fr-FR\"},{\"@type\":\"Organization\",\"@id\":\"https:\\\/\\\/www.digitaleo.com\\\/fr\\\/#organization\",\"name\":\"Digitaleo\",\"url\":\"https:\\\/\\\/www.digitaleo.com\\\/fr\\\/\",\"logo\":{\"@type\":\"ImageObject\",\"inLanguage\":\"fr-FR\",\"@id\":\"https:\\\/\\\/www.digitaleo.com\\\/fr\\\/#\\\/schema\\\/logo\\\/image\\\/\",\"url\":\"https:\\\/\\\/www.digitaleo.com\\\/wp-content\\\/uploads\\\/2021\\\/02\\\/logo-digitaleoHD-bgbleu-2.jpg\",\"contentUrl\":\"https:\\\/\\\/www.digitaleo.com\\\/wp-content\\\/uploads\\\/2021\\\/02\\\/logo-digitaleoHD-bgbleu-2.jpg\",\"width\":842,\"height\":596,\"caption\":\"Digitaleo\"},\"image\":{\"@id\":\"https:\\\/\\\/www.digitaleo.com\\\/fr\\\/#\\\/schema\\\/logo\\\/image\\\/\"},\"sameAs\":[\"https:\\\/\\\/www.facebook.com\\\/digitaleo\\\/\",\"https:\\\/\\\/x.com\\\/digitaleo\",\"https:\\\/\\\/www.instagram.com\\\/digitaleo\\\/\",\"https:\\\/\\\/www.linkedin.com\\\/company\\\/digitaleo\",\"https:\\\/\\\/www.youtube.com\\\/user\\\/DigitaleoFR\"],\"description\":\"Depuis 2004, Digitaleo accompagne plus de 600 r\u00e9seaux en leur proposant une solution qui facilite la gestion centralis\u00e9e ou d\u00e9centralis\u00e9e de leurs actions de marketing local. La plateforme SaaS tout-en-un regroupe l\u2019ensemble des outils essentiels au marketing local : presence management, store locator, avis clients, r\u00e9seaux sociaux, campagnes sponsoris\u00e9es, marketing direct, digital asset management, print et goodies. R\u00e9pondant ainsi aux objectifs strat\u00e9giques de ses clients en mati\u00e8re de notori\u00e9t\u00e9, acquisition et fid\u00e9lisation. Digitaleo c\u2019est aussi une offre servicielle pens\u00e9e pour piloter des strat\u00e9gies nationales et multi-locales avec 3 expertises d\u00e9di\u00e9es: Ads : campagnes sponsoris\u00e9es certifi\u00e9es sur Google, Meta, Pinterest, TikTok. Cr\u00e9a : conception de concepts cr\u00e9atifs impactants. Multicanale : leviers traditionnels (SMS, mailing\u2026) et innovants (DOOH, RCS, WhatsApp, TV segment\u00e9e\u2026).\",\"telephone\":\"0256036700\",\"vatID\":\"FR17451322119\",\"taxID\":\"451 322 119 00038\",\"numberOfEmployees\":{\"@type\":\"QuantitativeValue\",\"minValue\":\"51\",\"maxValue\":\"200\"}}]}<\/script>\n<!-- \/ Yoast SEO Premium plugin. -->","yoast_head_json":{"title":"Nos engagements sur le RGPD - Digitaleo","description":"DIGITALEO s'engage \u00e0 ce que la fa\u00e7on dont les donn\u00e9es des Utilisateurs sont trait\u00e9es soit conforme \u00e0 la Loi informatique et libert\u00e9s.","robots":{"index":"index","follow":"follow","max-snippet":"max-snippet:-1","max-image-preview":"max-image-preview:large","max-video-preview":"max-video-preview:-1"},"canonical":"https:\/\/www.digitaleo.com\/fr\/nos-engagements-sur-le-rgpd","og_locale":"fr_FR","og_type":"article","og_title":"Nos engagements sur le RGPD","og_description":"DIGITALEO s'engage \u00e0 ce que la fa\u00e7on dont les donn\u00e9es des Utilisateurs sont trait\u00e9es soit conforme \u00e0 la Loi informatique et libert\u00e9s.","og_url":"https:\/\/www.digitaleo.com\/fr\/nos-engagements-sur-le-rgpd","og_site_name":"Digitaleo","article_publisher":"https:\/\/www.facebook.com\/digitaleo\/","article_modified_time":"2024-07-15T13:46:05+00:00","og_image":[{"width":1024,"height":512,"url":"https:\/\/www.digitaleo.com\/wp-content\/uploads\/2023\/09\/digitaleo-share.jpg","type":"image\/jpeg"}],"twitter_card":"summary_large_image","twitter_site":"@digitaleo","twitter_misc":{"Dur\u00e9e de lecture estim\u00e9e":"2 minutes"},"schema":{"@context":"https:\/\/schema.org","@graph":[{"@type":"WebPage","@id":"https:\/\/www.digitaleo.com\/fr\/nos-engagements-sur-le-rgpd","url":"https:\/\/www.digitaleo.com\/fr\/nos-engagements-sur-le-rgpd","name":"Nos engagements sur le RGPD - Digitaleo","isPartOf":{"@id":"https:\/\/www.digitaleo.com\/fr\/#website"},"datePublished":"2023-10-23T09:36:49+00:00","dateModified":"2024-07-15T13:46:05+00:00","description":"DIGITALEO s'engage \u00e0 ce que la fa\u00e7on dont les donn\u00e9es des Utilisateurs sont trait\u00e9es soit conforme \u00e0 la Loi informatique et libert\u00e9s.","breadcrumb":{"@id":"https:\/\/www.digitaleo.com\/fr\/nos-engagements-sur-le-rgpd#breadcrumb"},"inLanguage":"fr-FR","potentialAction":[{"@type":"ReadAction","target":["https:\/\/www.digitaleo.com\/fr\/nos-engagements-sur-le-rgpd"]}]},{"@type":"BreadcrumbList","@id":"https:\/\/www.digitaleo.com\/fr\/nos-engagements-sur-le-rgpd#breadcrumb","itemListElement":[{"@type":"ListItem","position":1,"name":"Home","item":"https:\/\/www.digitaleo.com\/fr"},{"@type":"ListItem","position":2,"name":"Nos engagements sur le RGPD"}]},{"@type":"WebSite","@id":"https:\/\/www.digitaleo.com\/fr\/#website","url":"https:\/\/www.digitaleo.com\/fr\/","name":"Digitaleo","description":"La solution qui simplifie le marketing local.","publisher":{"@id":"https:\/\/www.digitaleo.com\/fr\/#organization"},"potentialAction":[{"@type":"SearchAction","target":{"@type":"EntryPoint","urlTemplate":"https:\/\/www.digitaleo.com\/fr\/?s={search_term_string}"},"query-input":{"@type":"PropertyValueSpecification","valueRequired":true,"valueName":"search_term_string"}}],"inLanguage":"fr-FR"},{"@type":"Organization","@id":"https:\/\/www.digitaleo.com\/fr\/#organization","name":"Digitaleo","url":"https:\/\/www.digitaleo.com\/fr\/","logo":{"@type":"ImageObject","inLanguage":"fr-FR","@id":"https:\/\/www.digitaleo.com\/fr\/#\/schema\/logo\/image\/","url":"https:\/\/www.digitaleo.com\/wp-content\/uploads\/2021\/02\/logo-digitaleoHD-bgbleu-2.jpg","contentUrl":"https:\/\/www.digitaleo.com\/wp-content\/uploads\/2021\/02\/logo-digitaleoHD-bgbleu-2.jpg","width":842,"height":596,"caption":"Digitaleo"},"image":{"@id":"https:\/\/www.digitaleo.com\/fr\/#\/schema\/logo\/image\/"},"sameAs":["https:\/\/www.facebook.com\/digitaleo\/","https:\/\/x.com\/digitaleo","https:\/\/www.instagram.com\/digitaleo\/","https:\/\/www.linkedin.com\/company\/digitaleo","https:\/\/www.youtube.com\/user\/DigitaleoFR"],"description":"Depuis 2004, Digitaleo accompagne plus de 600 r\u00e9seaux en leur proposant une solution qui facilite la gestion centralis\u00e9e ou d\u00e9centralis\u00e9e de leurs actions de marketing local. La plateforme SaaS tout-en-un regroupe l\u2019ensemble des outils essentiels au marketing local : presence management, store locator, avis clients, r\u00e9seaux sociaux, campagnes sponsoris\u00e9es, marketing direct, digital asset management, print et goodies. R\u00e9pondant ainsi aux objectifs strat\u00e9giques de ses clients en mati\u00e8re de notori\u00e9t\u00e9, acquisition et fid\u00e9lisation. Digitaleo c\u2019est aussi une offre servicielle pens\u00e9e pour piloter des strat\u00e9gies nationales et multi-locales avec 3 expertises d\u00e9di\u00e9es: Ads : campagnes sponsoris\u00e9es certifi\u00e9es sur Google, Meta, Pinterest, TikTok. Cr\u00e9a : conception de concepts cr\u00e9atifs impactants. Multicanale : leviers traditionnels (SMS, mailing\u2026) et innovants (DOOH, RCS, WhatsApp, TV segment\u00e9e\u2026).","telephone":"0256036700","vatID":"FR17451322119","taxID":"451 322 119 00038","numberOfEmployees":{"@type":"QuantitativeValue","minValue":"51","maxValue":"200"}}]}},"_links":{"self":[{"href":"https:\/\/www.digitaleo.com\/fr\/wp-json\/wp\/v2\/pages\/79899","targetHints":{"allow":["GET"]}}],"collection":[{"href":"https:\/\/www.digitaleo.com\/fr\/wp-json\/wp\/v2\/pages"}],"about":[{"href":"https:\/\/www.digitaleo.com\/fr\/wp-json\/wp\/v2\/types\/page"}],"author":[{"embeddable":true,"href":"https:\/\/www.digitaleo.com\/fr\/wp-json\/wp\/v2\/users\/42"}],"replies":[{"embeddable":true,"href":"https:\/\/www.digitaleo.com\/fr\/wp-json\/wp\/v2\/comments?post=79899"}],"version-history":[{"count":13,"href":"https:\/\/www.digitaleo.com\/fr\/wp-json\/wp\/v2\/pages\/79899\/revisions"}],"predecessor-version":[{"id":130481,"href":"https:\/\/www.digitaleo.com\/fr\/wp-json\/wp\/v2\/pages\/79899\/revisions\/130481"}],"wp:attachment":[{"href":"https:\/\/www.digitaleo.com\/fr\/wp-json\/wp\/v2\/media?parent=79899"}],"curies":[{"name":"wp","href":"https:\/\/api.w.org\/{rel}","templated":true}]}}