{"id":124048,"date":"2023-07-11T15:12:00","date_gmt":"2023-07-11T13:12:00","guid":{"rendered":"https:\/\/www.digitaleo.com\/?page_id=124048"},"modified":"2023-10-23T12:11:50","modified_gmt":"2023-10-23T10:11:50","slug":"comptoir-de-lours-configuration","status":"publish","type":"page","link":"https:\/\/www.digitaleo.com\/fr\/comptoir-de-lours-configuration","title":{"rendered":"comptoir-de-lours-configuration"},"content":{"rendered":"<div class=\"wpb-content-wrapper\"><p>[vc_row unlock_row=\u00a0\u00bb\u00a0\u00bb row_height_percent=\u00a0\u00bb0&Prime; override_padding=\u00a0\u00bbyes\u00a0\u00bb h_padding=\u00a0\u00bb2&Prime; top_padding=\u00a0\u00bb2&Prime; bottom_padding=\u00a0\u00bb1&Prime; overlay_alpha=\u00a0\u00bb50&Prime; gutter_size=\u00a0\u00bb3&Prime; column_width_percent=\u00a0\u00bb100&Prime; shift_y=\u00a0\u00bb0&Prime; z_index=\u00a0\u00bb0&Prime; uncode_shortcode_id=\u00a0\u00bb391238&Prime;][vc_column column_width_percent=\u00a0\u00bb80&Prime; align_horizontal=\u00a0\u00bbalign_center\u00a0\u00bb gutter_size=\u00a0\u00bb3&Prime; overlay_alpha=\u00a0\u00bb50&Prime; shift_x=\u00a0\u00bb0&Prime; shift_y=\u00a0\u00bb0&Prime; shift_y_down=\u00a0\u00bb0&Prime; z_index=\u00a0\u00bb0&Prime; medium_width=\u00a0\u00bb0&Prime; mobile_width=\u00a0\u00bb0&Prime; width=\u00a0\u00bb1\/1&Prime; uncode_shortcode_id=\u00a0\u00bb722250&Prime;][vc_single_image media=\u00a0\u00bb124051&Prime; media_width_use_pixel=\u00a0\u00bbyes\u00a0\u00bb alignment=\u00a0\u00bbcenter\u00a0\u00bb uncode_shortcode_id=\u00a0\u00bb157283&Prime; media_width_pixel=\u00a0\u00bb180&Prime;][vc_empty_space empty_h=\u00a0\u00bb2&Prime;][vc_column_text uncode_shortcode_id=\u00a0\u00bb164944&Prime;]<\/p>\n<h2>B\u00e9n\u00e9ficiez de l\u2019accompagnement Cl\u00e9 en Main Digitaleo<\/h2>\n<h4>Pour faire remonter votre \u00e9tablissement dans les top r\u00e9sultats Google !<\/h4>\n<p>[\/vc_column_text][\/vc_column][\/vc_row][vc_row][vc_column column_width_percent=\u00a0\u00bb90&Prime; gutter_size=\u00a0\u00bb3&Prime; back_color=\u00a0\u00bbcolor-xsdn\u00a0\u00bb overlay_alpha=\u00a0\u00bb50&Prime; shift_x=\u00a0\u00bb0&Prime; shift_y=\u00a0\u00bb0&Prime; shift_y_down=\u00a0\u00bb0&Prime; z_index=\u00a0\u00bb0&Prime; medium_width=\u00a0\u00bb0&Prime; mobile_width=\u00a0\u00bb0&Prime; radius=\u00a0\u00bbstd\u00a0\u00bb shadow=\u00a0\u00bbsm\u00a0\u00bb width=\u00a0\u00bb1\/1&Prime; uncode_shortcode_id=\u00a0\u00bb805378&Prime; back_color_type=\u00a0\u00bbuncode-palette\u00a0\u00bb][vc_icon position=\u00a0\u00bbleft\u00a0\u00bb space_reduced=\u00a0\u00bbyes\u00a0\u00bb icon=\u00a0\u00bbfa fa-arrow-circle-right\u00a0\u00bb icon_color=\u00a0\u00bbcolor-wvjs\u00a0\u00bb heading_semantic=\u00a0\u00bbh4&Prime; text_size=\u00a0\u00bb\u00a0\u00bb uncode_shortcode_id=\u00a0\u00bb108655&Prime; icon_color_type=\u00a0\u00bbuncode-palette\u00a0\u00bb title=\u00a0\u00bbC&rsquo;est tr\u00e8s simple\u00a0\u00bb el_id=\u00a0\u00bbetape\u00a0\u00bb][\/vc_icon][vc_row_inner][vc_column_inner column_width_percent=\u00a0\u00bb90&Prime; gutter_size=\u00a0\u00bb3&Prime; back_color=\u00a0\u00bbcolor-lxmt\u00a0\u00bb overlay_alpha=\u00a0\u00bb50&Prime; shift_x=\u00a0\u00bb0&Prime; shift_y=\u00a0\u00bb0&Prime; shift_y_down=\u00a0\u00bb0&Prime; z_index=\u00a0\u00bb0&Prime; medium_width=\u00a0\u00bb0&Prime; mobile_width=\u00a0\u00bb0&Prime; width=\u00a0\u00bb1\/1&Prime; uncode_shortcode_id=\u00a0\u00bb914285&Prime; back_color_type=\u00a0\u00bbuncode-palette\u00a0\u00bb][vc_single_image media=\u00a0\u00bb96555&Prime; media_width_use_pixel=\u00a0\u00bbyes\u00a0\u00bb uncode_shortcode_id=\u00a0\u00bb293349&Prime; media_width_pixel=\u00a0\u00bb60&Prime;][vc_column_text uncode_shortcode_id=\u00a0\u00bb359633&Prime;]<\/p>\n<h2 class=\"fontsize-130175 fontspace-781688 font-weight-200\">Partagez avec Comptoir de l&rsquo;ours<br \/>\nla gestion de votre fiche Google.<\/h2>\n<h3 class=\"fontspace-781688 font-weight-200\" style=\"margin-top: 10px;\">Cette \u00e9tape est indispensable pour vous permettre de b\u00e9n\u00e9ficier de l\u2019accompagnement Cl\u00e9 en Main Digitaleo.<\/h3>\n<p>[\/vc_column_text][vc_column_text uncode_shortcode_id=\u00a0\u00bb182118&Prime;]<span style=\"font-weight: 400;\">En partageant votre fiche, vous en restez\u00a0<\/span><b>propri\u00e9taire et conservez toutes vos photos, avis et autres donn\u00e9es existantes<\/b><span style=\"font-weight: 400;\">. Vous donnez n\u00e9anmoins acc\u00e8s \u00e0 Comptoir de l\u2019ours aux donn\u00e9es suivantes : nom, pr\u00e9nom et coordonn\u00e9es de la fiche Google (nom de l\u2019\u00e9tablissement, adresse, horaires, t\u00e9l\u00e9phone).<\/span><\/p>\n<ol>\n<li style=\"margin-bottom: 5px;\">Rendez-vous sur votre <strong>fiche d&rsquo;\u00e9tablissement Google<\/strong> et cliquez sur les 3 points\n<div style=\"line-height: 17px; padding-bottom: 8px;\"><span class=\"emoji\">\u261d\ufe0f <\/span><span style=\"font-size: 12px;\"><strong>Assurez-vous d\u2019\u00eatre connect\u00e9 avec le compte Google propri\u00e9taire de votre fiche<\/strong> \u00e9tablissement existante, sinon changer depuis <em><strong>\u00ab\u00a0G\u00e9rer mon compte\u00a0\u00bb<\/strong><\/em><\/span><\/div>\n<\/li>\n<li>Puis ouvrez le menu <em><strong>Param\u00e8tres de la fiche d&rsquo;\u00e9tablissement<\/strong><\/em><\/li>\n<li>Cliquez sur le menu <em><strong>Administrateurs<\/strong><\/em><\/li>\n<li>Puis sur <em><strong>Ajouter<\/strong><\/em><\/li>\n<li>Renseignez le code <strong>5755044488<\/strong>\u00a0dans le champ\u00a0<em><strong>adresse email<\/strong><\/em><\/li>\n<li>S\u00e9lectionnez le r\u00f4le\u00a0<em><strong>Administrateur<\/strong><\/em><\/li>\n<li>Et cliquez sur <em><b>Inviter<\/b><\/em><\/li>\n<\/ol>\n<p>[\/vc_column_text][\/vc_column_inner][\/vc_row_inner][vc_gallery el_id=\u00a0\u00bbgallery-725698&Prime; type=\u00a0\u00bbcarousel\u00a0\u00bb medias=\u00a0\u00bb124065,124064,124063,124060,124067,124061,124059&Prime; gallery_back_color=\u00a0\u00bbcolor-lxmt\u00a0\u00bb carousel_lg=\u00a0\u00bb1&Prime; carousel_md=\u00a0\u00bb1&Prime; carousel_sm=\u00a0\u00bb1&Prime; gutter_size=\u00a0\u00bb3&Prime; media_items=\u00a0\u00bbmedia|nolink|original\u00a0\u00bb carousel_interval=\u00a0\u00bb3000&Prime; carousel_navspeed=\u00a0\u00bb200&Prime; carousel_loop=\u00a0\u00bbyes\u00a0\u00bb carousel_nav=\u00a0\u00bbyes\u00a0\u00bb carousel_nav_mobile=\u00a0\u00bbyes\u00a0\u00bb carousel_dots=\u00a0\u00bbyes\u00a0\u00bb carousel_dots_mobile=\u00a0\u00bbyes\u00a0\u00bb stage_padding=\u00a0\u00bb0&Prime; single_overlay_opacity=\u00a0\u00bb50&Prime; single_padding=\u00a0\u00bb2&Prime; single_animation_first=\u00a0\u00bbyes\u00a0\u00bb uncode_shortcode_id=\u00a0\u00bb530703&Prime; gallery_back_color_type=\u00a0\u00bbuncode-palette\u00a0\u00bb][\/vc_column][\/vc_row][vc_row unlock_row=\u00a0\u00bb\u00a0\u00bb row_height_percent=\u00a0\u00bb0&Prime; overlay_alpha=\u00a0\u00bb50&Prime; gutter_size=\u00a0\u00bb3&Prime; column_width_percent=\u00a0\u00bb100&Prime; shift_y=\u00a0\u00bb0&Prime; z_index=\u00a0\u00bb0&Prime; uncode_shortcode_id=\u00a0\u00bb179849&Prime;][vc_column column_width_percent=\u00a0\u00bb85&Prime; align_horizontal=\u00a0\u00bbalign_center\u00a0\u00bb gutter_size=\u00a0\u00bb3&Prime; overlay_alpha=\u00a0\u00bb50&Prime; shift_x=\u00a0\u00bb0&Prime; shift_y=\u00a0\u00bb0&Prime; shift_y_down=\u00a0\u00bb0&Prime; z_index=\u00a0\u00bb0&Prime; medium_width=\u00a0\u00bb0&Prime; mobile_width=\u00a0\u00bb0&Prime; width=\u00a0\u00bb1\/1&Prime; uncode_shortcode_id=\u00a0\u00bb403739&Prime;][vc_column_text uncode_shortcode_id=\u00a0\u00bb191439&Prime;]<\/p>\n<h3><span style=\"font-weight: 400;\">Besoin d\u2019aide sur le param\u00e9trage ?<\/span><\/h3>\n<p><span style=\"font-weight: 400;\"> Contactez le service client Digitaleo \u00e0 cette adresse : <a href=\"mailto:serviceclient@digitaleo.com\">serviceclient@digitaleo.com<\/a><\/span><\/p>\n<p>En partageant la gestion de votre fiche d\u2019\u00e9tablissement Google, vous donnez acc\u00e8s \u00e0 Digitaleo aux donn\u00e9es suivantes : nom, pr\u00e9nom et coordonn\u00e9es de la fiche Google (nom de l&rsquo;\u00e9tablissement, adresse, horaires, t\u00e9l\u00e9phone).[\/vc_column_text][\/vc_column][\/vc_row][vc_row][vc_column width=\u00a0\u00bb1\/1&Prime;][\/vc_column][\/vc_row]<\/p>\n<\/div>","protected":false},"excerpt":{"rendered":"<p>[vc_row unlock_row=\u00a0\u00bb\u00a0\u00bb row_height_percent=\u00a0\u00bb0&Prime; override_padding=\u00a0\u00bbyes\u00a0\u00bb h_padding=\u00a0\u00bb2&Prime; top_padding=\u00a0\u00bb2&Prime; bottom_padding=\u00a0\u00bb1&Prime; overlay_alpha=\u00a0\u00bb50&Prime; gutter_size=\u00a0\u00bb3&Prime; column_width_percent=\u00a0\u00bb100&Prime; shift_y=\u00a0\u00bb0&Prime; z_index=\u00a0\u00bb0&Prime; uncode_shortcode_id=\u00a0\u00bb391238&Prime;][vc_column column_width_percent=\u00a0\u00bb80&Prime; align_horizontal=\u00a0\u00bbalign_center\u00a0\u00bb gutter_size=\u00a0\u00bb3&Prime; overlay_alpha=\u00a0\u00bb50&Prime; shift_x=\u00a0\u00bb0&Prime; shift_y=\u00a0\u00bb0&Prime; shift_y_down=\u00a0\u00bb0&Prime; [&hellip;]<\/p>\n","protected":false},"author":20,"featured_media":0,"parent":0,"menu_order":0,"comment_status":"closed","ping_status":"closed","template":"","meta":{"_acf_changed":false,"footnotes":""},"class_list":["post-124048","page","type-page","status-publish","hentry","page_category-configuration-client"],"acf":[],"yoast_head":"<!-- This site is optimized with the Yoast SEO Premium plugin v27.3 (Yoast SEO v27.3) - https:\/\/yoast.com\/product\/yoast-seo-premium-wordpress\/ -->\n<title>Digitaleo, la plateforme tout-en-un pour g\u00e9rer le marketing local du Comptoir de l&#039;ours<\/title>\n<meta name=\"description\" content=\"Digitaleo est un outil qui vous permettra d&#039;assurer une pr\u00e9sence digitale locale maximale sur l&#039;ensemble des leviers marketing.\" \/>\n<meta name=\"robots\" content=\"noindex, nofollow\" \/>\n<meta property=\"og:locale\" content=\"fr_FR\" \/>\n<meta property=\"og:type\" content=\"article\" \/>\n<meta property=\"og:title\" content=\"comptoir-de-lours-configuration\" \/>\n<meta property=\"og:description\" content=\"Digitaleo est un outil qui vous permettra d&#039;assurer une pr\u00e9sence digitale locale maximale sur l&#039;ensemble des leviers marketing.\" \/>\n<meta property=\"og:url\" content=\"https:\/\/www.digitaleo.com\/fr\/comptoir-de-lours-configuration\" \/>\n<meta property=\"og:site_name\" content=\"Digitaleo\" \/>\n<meta property=\"article:publisher\" content=\"https:\/\/www.facebook.com\/digitaleo\/\" \/>\n<meta property=\"article:modified_time\" content=\"2023-10-23T10:11:50+00:00\" \/>\n<meta property=\"og:image\" content=\"https:\/\/www.digitaleo.com\/wp-content\/uploads\/2023\/09\/digitaleo-share.jpg\" \/>\n\t<meta property=\"og:image:width\" content=\"1024\" \/>\n\t<meta property=\"og:image:height\" content=\"512\" \/>\n\t<meta property=\"og:image:type\" content=\"image\/jpeg\" \/>\n<meta name=\"twitter:card\" content=\"summary_large_image\" \/>\n<meta name=\"twitter:site\" content=\"@digitaleo\" \/>\n<meta name=\"twitter:label1\" content=\"Dur\u00e9e de lecture estim\u00e9e\" \/>\n\t<meta name=\"twitter:data1\" content=\"2 minutes\" \/>\n<script type=\"application\/ld+json\" class=\"yoast-schema-graph\">{\"@context\":\"https:\\\/\\\/schema.org\",\"@graph\":[{\"@type\":\"WebPage\",\"@id\":\"https:\\\/\\\/www.digitaleo.com\\\/fr\\\/comptoir-de-lours-configuration\",\"url\":\"https:\\\/\\\/www.digitaleo.com\\\/fr\\\/comptoir-de-lours-configuration\",\"name\":\"Digitaleo, la plateforme tout-en-un pour g\u00e9rer le marketing local du Comptoir de l'ours\",\"isPartOf\":{\"@id\":\"https:\\\/\\\/www.digitaleo.com\\\/fr\\\/#website\"},\"datePublished\":\"2023-07-11T13:12:00+00:00\",\"dateModified\":\"2023-10-23T10:11:50+00:00\",\"description\":\"Digitaleo est un outil qui vous permettra d'assurer une pr\u00e9sence digitale locale maximale sur l'ensemble des leviers marketing.\",\"breadcrumb\":{\"@id\":\"https:\\\/\\\/www.digitaleo.com\\\/fr\\\/comptoir-de-lours-configuration#breadcrumb\"},\"inLanguage\":\"fr-FR\",\"potentialAction\":[{\"@type\":\"ReadAction\",\"target\":[\"https:\\\/\\\/www.digitaleo.com\\\/fr\\\/comptoir-de-lours-configuration\"]}]},{\"@type\":\"BreadcrumbList\",\"@id\":\"https:\\\/\\\/www.digitaleo.com\\\/fr\\\/comptoir-de-lours-configuration#breadcrumb\",\"itemListElement\":[{\"@type\":\"ListItem\",\"position\":1,\"name\":\"Home\",\"item\":\"https:\\\/\\\/www.digitaleo.com\\\/fr\"},{\"@type\":\"ListItem\",\"position\":2,\"name\":\"comptoir-de-lours-configuration\"}]},{\"@type\":\"WebSite\",\"@id\":\"https:\\\/\\\/www.digitaleo.com\\\/fr\\\/#website\",\"url\":\"https:\\\/\\\/www.digitaleo.com\\\/fr\\\/\",\"name\":\"Digitaleo\",\"description\":\"La solution qui simplifie le marketing local.\",\"publisher\":{\"@id\":\"https:\\\/\\\/www.digitaleo.com\\\/fr\\\/#organization\"},\"potentialAction\":[{\"@type\":\"SearchAction\",\"target\":{\"@type\":\"EntryPoint\",\"urlTemplate\":\"https:\\\/\\\/www.digitaleo.com\\\/fr\\\/?s={search_term_string}\"},\"query-input\":{\"@type\":\"PropertyValueSpecification\",\"valueRequired\":true,\"valueName\":\"search_term_string\"}}],\"inLanguage\":\"fr-FR\"},{\"@type\":\"Organization\",\"@id\":\"https:\\\/\\\/www.digitaleo.com\\\/fr\\\/#organization\",\"name\":\"Digitaleo\",\"url\":\"https:\\\/\\\/www.digitaleo.com\\\/fr\\\/\",\"logo\":{\"@type\":\"ImageObject\",\"inLanguage\":\"fr-FR\",\"@id\":\"https:\\\/\\\/www.digitaleo.com\\\/fr\\\/#\\\/schema\\\/logo\\\/image\\\/\",\"url\":\"https:\\\/\\\/www.digitaleo.com\\\/wp-content\\\/uploads\\\/2021\\\/02\\\/logo-digitaleoHD-bgbleu-2.jpg\",\"contentUrl\":\"https:\\\/\\\/www.digitaleo.com\\\/wp-content\\\/uploads\\\/2021\\\/02\\\/logo-digitaleoHD-bgbleu-2.jpg\",\"width\":842,\"height\":596,\"caption\":\"Digitaleo\"},\"image\":{\"@id\":\"https:\\\/\\\/www.digitaleo.com\\\/fr\\\/#\\\/schema\\\/logo\\\/image\\\/\"},\"sameAs\":[\"https:\\\/\\\/www.facebook.com\\\/digitaleo\\\/\",\"https:\\\/\\\/x.com\\\/digitaleo\",\"https:\\\/\\\/www.instagram.com\\\/digitaleo\\\/\",\"https:\\\/\\\/www.linkedin.com\\\/company\\\/digitaleo\",\"https:\\\/\\\/www.youtube.com\\\/user\\\/DigitaleoFR\"],\"description\":\"Depuis 2004, Digitaleo accompagne plus de 600 r\u00e9seaux en leur proposant une solution qui facilite la gestion centralis\u00e9e ou d\u00e9centralis\u00e9e de leurs actions de marketing local. La plateforme SaaS tout-en-un regroupe l\u2019ensemble des outils essentiels au marketing local : presence management, store locator, avis clients, r\u00e9seaux sociaux, campagnes sponsoris\u00e9es, marketing direct, digital asset management, print et goodies. R\u00e9pondant ainsi aux objectifs strat\u00e9giques de ses clients en mati\u00e8re de notori\u00e9t\u00e9, acquisition et fid\u00e9lisation. Digitaleo c\u2019est aussi une offre servicielle pens\u00e9e pour piloter des strat\u00e9gies nationales et multi-locales avec 3 expertises d\u00e9di\u00e9es: Ads : campagnes sponsoris\u00e9es certifi\u00e9es sur Google, Meta, Pinterest, TikTok. Cr\u00e9a : conception de concepts cr\u00e9atifs impactants. Multicanale : leviers traditionnels (SMS, mailing\u2026) et innovants (DOOH, RCS, WhatsApp, TV segment\u00e9e\u2026).\",\"telephone\":\"0256036700\",\"vatID\":\"FR17451322119\",\"taxID\":\"451 322 119 00038\",\"numberOfEmployees\":{\"@type\":\"QuantitativeValue\",\"minValue\":\"51\",\"maxValue\":\"200\"}}]}<\/script>\n<!-- \/ Yoast SEO Premium plugin. -->","yoast_head_json":{"title":"Digitaleo, la plateforme tout-en-un pour g\u00e9rer le marketing local du Comptoir de l'ours","description":"Digitaleo est un outil qui vous permettra d'assurer une pr\u00e9sence digitale locale maximale sur l'ensemble des leviers marketing.","robots":{"index":"noindex","follow":"nofollow"},"og_locale":"fr_FR","og_type":"article","og_title":"comptoir-de-lours-configuration","og_description":"Digitaleo est un outil qui vous permettra d'assurer une pr\u00e9sence digitale locale maximale sur l'ensemble des leviers marketing.","og_url":"https:\/\/www.digitaleo.com\/fr\/comptoir-de-lours-configuration","og_site_name":"Digitaleo","article_publisher":"https:\/\/www.facebook.com\/digitaleo\/","article_modified_time":"2023-10-23T10:11:50+00:00","og_image":[{"width":1024,"height":512,"url":"https:\/\/www.digitaleo.com\/wp-content\/uploads\/2023\/09\/digitaleo-share.jpg","type":"image\/jpeg"}],"twitter_card":"summary_large_image","twitter_site":"@digitaleo","twitter_misc":{"Dur\u00e9e de lecture estim\u00e9e":"2 minutes"},"schema":{"@context":"https:\/\/schema.org","@graph":[{"@type":"WebPage","@id":"https:\/\/www.digitaleo.com\/fr\/comptoir-de-lours-configuration","url":"https:\/\/www.digitaleo.com\/fr\/comptoir-de-lours-configuration","name":"Digitaleo, la plateforme tout-en-un pour g\u00e9rer le marketing local du Comptoir de l'ours","isPartOf":{"@id":"https:\/\/www.digitaleo.com\/fr\/#website"},"datePublished":"2023-07-11T13:12:00+00:00","dateModified":"2023-10-23T10:11:50+00:00","description":"Digitaleo est un outil qui vous permettra d'assurer une pr\u00e9sence digitale locale maximale sur l'ensemble des leviers marketing.","breadcrumb":{"@id":"https:\/\/www.digitaleo.com\/fr\/comptoir-de-lours-configuration#breadcrumb"},"inLanguage":"fr-FR","potentialAction":[{"@type":"ReadAction","target":["https:\/\/www.digitaleo.com\/fr\/comptoir-de-lours-configuration"]}]},{"@type":"BreadcrumbList","@id":"https:\/\/www.digitaleo.com\/fr\/comptoir-de-lours-configuration#breadcrumb","itemListElement":[{"@type":"ListItem","position":1,"name":"Home","item":"https:\/\/www.digitaleo.com\/fr"},{"@type":"ListItem","position":2,"name":"comptoir-de-lours-configuration"}]},{"@type":"WebSite","@id":"https:\/\/www.digitaleo.com\/fr\/#website","url":"https:\/\/www.digitaleo.com\/fr\/","name":"Digitaleo","description":"La solution qui simplifie le marketing local.","publisher":{"@id":"https:\/\/www.digitaleo.com\/fr\/#organization"},"potentialAction":[{"@type":"SearchAction","target":{"@type":"EntryPoint","urlTemplate":"https:\/\/www.digitaleo.com\/fr\/?s={search_term_string}"},"query-input":{"@type":"PropertyValueSpecification","valueRequired":true,"valueName":"search_term_string"}}],"inLanguage":"fr-FR"},{"@type":"Organization","@id":"https:\/\/www.digitaleo.com\/fr\/#organization","name":"Digitaleo","url":"https:\/\/www.digitaleo.com\/fr\/","logo":{"@type":"ImageObject","inLanguage":"fr-FR","@id":"https:\/\/www.digitaleo.com\/fr\/#\/schema\/logo\/image\/","url":"https:\/\/www.digitaleo.com\/wp-content\/uploads\/2021\/02\/logo-digitaleoHD-bgbleu-2.jpg","contentUrl":"https:\/\/www.digitaleo.com\/wp-content\/uploads\/2021\/02\/logo-digitaleoHD-bgbleu-2.jpg","width":842,"height":596,"caption":"Digitaleo"},"image":{"@id":"https:\/\/www.digitaleo.com\/fr\/#\/schema\/logo\/image\/"},"sameAs":["https:\/\/www.facebook.com\/digitaleo\/","https:\/\/x.com\/digitaleo","https:\/\/www.instagram.com\/digitaleo\/","https:\/\/www.linkedin.com\/company\/digitaleo","https:\/\/www.youtube.com\/user\/DigitaleoFR"],"description":"Depuis 2004, Digitaleo accompagne plus de 600 r\u00e9seaux en leur proposant une solution qui facilite la gestion centralis\u00e9e ou d\u00e9centralis\u00e9e de leurs actions de marketing local. La plateforme SaaS tout-en-un regroupe l\u2019ensemble des outils essentiels au marketing local : presence management, store locator, avis clients, r\u00e9seaux sociaux, campagnes sponsoris\u00e9es, marketing direct, digital asset management, print et goodies. R\u00e9pondant ainsi aux objectifs strat\u00e9giques de ses clients en mati\u00e8re de notori\u00e9t\u00e9, acquisition et fid\u00e9lisation. Digitaleo c\u2019est aussi une offre servicielle pens\u00e9e pour piloter des strat\u00e9gies nationales et multi-locales avec 3 expertises d\u00e9di\u00e9es: Ads : campagnes sponsoris\u00e9es certifi\u00e9es sur Google, Meta, Pinterest, TikTok. Cr\u00e9a : conception de concepts cr\u00e9atifs impactants. Multicanale : leviers traditionnels (SMS, mailing\u2026) et innovants (DOOH, RCS, WhatsApp, TV segment\u00e9e\u2026).","telephone":"0256036700","vatID":"FR17451322119","taxID":"451 322 119 00038","numberOfEmployees":{"@type":"QuantitativeValue","minValue":"51","maxValue":"200"}}]}},"_links":{"self":[{"href":"https:\/\/www.digitaleo.com\/fr\/wp-json\/wp\/v2\/pages\/124048","targetHints":{"allow":["GET"]}}],"collection":[{"href":"https:\/\/www.digitaleo.com\/fr\/wp-json\/wp\/v2\/pages"}],"about":[{"href":"https:\/\/www.digitaleo.com\/fr\/wp-json\/wp\/v2\/types\/page"}],"author":[{"embeddable":true,"href":"https:\/\/www.digitaleo.com\/fr\/wp-json\/wp\/v2\/users\/20"}],"replies":[{"embeddable":true,"href":"https:\/\/www.digitaleo.com\/fr\/wp-json\/wp\/v2\/comments?post=124048"}],"version-history":[{"count":12,"href":"https:\/\/www.digitaleo.com\/fr\/wp-json\/wp\/v2\/pages\/124048\/revisions"}],"predecessor-version":[{"id":124120,"href":"https:\/\/www.digitaleo.com\/fr\/wp-json\/wp\/v2\/pages\/124048\/revisions\/124120"}],"wp:attachment":[{"href":"https:\/\/www.digitaleo.com\/fr\/wp-json\/wp\/v2\/media?parent=124048"}],"curies":[{"name":"wp","href":"https:\/\/api.w.org\/{rel}","templated":true}]}}