{"id":117773,"date":"2020-03-20T12:16:36","date_gmt":"2020-03-20T11:16:36","guid":{"rendered":"https:\/\/undsgn.com\/uncode\/?page_id=82699"},"modified":"2024-04-17T16:06:26","modified_gmt":"2024-04-17T14:06:26","slug":"cart-primary","status":"publish","type":"page","link":"https:\/\/www.digitaleo.com\/fr\/cart-primary","title":{"rendered":"Cart Primary"},"content":{"rendered":"<div class=\"wpb-content-wrapper\"><p>[vc_row row_height_percent=\u00a0\u00bb0&Prime; override_padding=\u00a0\u00bbyes\u00a0\u00bb h_padding=\u00a0\u00bb2&Prime; top_padding=\u00a0\u00bb0&Prime; bottom_padding=\u00a0\u00bb3&Prime; overlay_alpha=\u00a0\u00bb50&Prime; gutter_size=\u00a0\u00bb3&Prime; column_width_percent=\u00a0\u00bb100&Prime; shift_y=\u00a0\u00bb0&Prime; z_index=\u00a0\u00bb0&Prime; top_divider=\u00a0\u00bbgradient\u00a0\u00bb uncode_shortcode_id=\u00a0\u00bb194616&Prime;][vc_column column_width_percent=\u00a0\u00bb100&Prime; position_vertical=\u00a0\u00bbmiddle\u00a0\u00bb gutter_size=\u00a0\u00bb3&Prime; font_family=\u00a0\u00bbfont-136269&Prime; overlay_alpha=\u00a0\u00bb50&Prime; shift_x=\u00a0\u00bb0&Prime; shift_y=\u00a0\u00bb0&Prime; shift_y_down=\u00a0\u00bb0&Prime; z_index=\u00a0\u00bb0&Prime; medium_width=\u00a0\u00bb0&Prime; mobile_width=\u00a0\u00bb0&Prime; width=\u00a0\u00bb1\/1&Prime; uncode_shortcode_id=\u00a0\u00bb156410&Prime;][vc_empty_space][uncode_woocommerce_steps custom_labels=\u00a0\u00bbyes\u00a0\u00bb icon=\u00a0\u00bbfa fa-arrow-right2&Prime; show_numbers=\u00a0\u00bbyes\u00a0\u00bb font_size=\u00a0\u00bbh3&Prime; font_weight=\u00a0\u00bb900&Prime; custom_label_cart=\u00a0\u00bbVotre cadeau\u00a0\u00bb custom_label_checkout=\u00a0\u00bbVos Coordonn\u00e9es\u00a0\u00bb custom_label_complete=\u00a0\u00bbLes lutins de No\u00ebl s&rsquo;activent\u00a0\u00bb][vc_empty_space][vc_row_inner row_inner_height_percent=\u00a0\u00bb0&Prime; overlay_alpha=\u00a0\u00bb50&Prime; gutter_size=\u00a0\u00bb3&Prime; shift_y=\u00a0\u00bb0&Prime; z_index=\u00a0\u00bb0&Prime; uncode_shortcode_id=\u00a0\u00bb445391&Prime;][vc_column_inner column_width_percent=\u00a0\u00bb100&Prime; gutter_size=\u00a0\u00bb3&Prime; overlay_alpha=\u00a0\u00bb50&Prime; shift_x=\u00a0\u00bb0&Prime; shift_y=\u00a0\u00bb0&Prime; shift_y_down=\u00a0\u00bb0&Prime; z_index=\u00a0\u00bb0&Prime; medium_width=\u00a0\u00bb0&Prime; mobile_width=\u00a0\u00bb0&Prime; radius=\u00a0\u00bblg\u00a0\u00bb width=\u00a0\u00bb1\/1&Prime; uncode_shortcode_id=\u00a0\u00bb186000&Prime; back_color_type=\u00a0\u00bbuncode-solid\u00a0\u00bb back_color_solid=\u00a0\u00bb#bfe6f2&Prime;][vc_icon position=\u00a0\u00bbleft\u00a0\u00bb title_aligned_icon=\u00a0\u00bbyes\u00a0\u00bb icon=\u00a0\u00bbfa fa-info-circle\u00a0\u00bb heading_semantic=\u00a0\u00bbp\u00a0\u00bb text_size=\u00a0\u00bb\u00a0\u00bb text_weight=\u00a0\u00bb500&Prime; text_lead=\u00a0\u00bbsmall\u00a0\u00bb uncode_shortcode_id=\u00a0\u00bb467705&Prime; title=\u00a0\u00bbImportant : on compte sur vous pour ne choisir qu\u2019un seul cadeau.\u00a0\u00bb]Dans le cas contraire ce sont les lutins qui se chargeront de faire le choix pour vous \ud83d\ude09[\/vc_icon][\/vc_column_inner][\/vc_row_inner][uncode_woocommerce_cart cart_layout=\u00a0\u00bbhorizontal\u00a0\u00bb cart_main_area_size=\u00a0\u00bb7&Prime; cart_columns_gap=\u00a0\u00bb4&Prime; cart_vertical_align=\u00a0\u00bbtop\u00a0\u00bb cart_table_show_titles=\u00a0\u00bb\u00a0\u00bb cart_hide_table_headers=\u00a0\u00bbyes\u00a0\u00bb cart_table_compact=\u00a0\u00bbyes\u00a0\u00bb cart_totals_override_padding=\u00a0\u00bbyes\u00a0\u00bb cart_totals_column_padding=\u00a0\u00bb0&Prime; custom_titles_typography=\u00a0\u00bbyes\u00a0\u00bb titles_size=\u00a0\u00bbh5&Prime; titles_weight=\u00a0\u00bb500&Prime; bold_text=\u00a0\u00bbyes\u00a0\u00bb cart_activate_custom_buttons=\u00a0\u00bbyes\u00a0\u00bb cart_button_button_color=\u00a0\u00bbcolor-186317&Prime; cart_button_size=\u00a0\u00bbbtn-lg\u00a0\u00bb cart_button_radius=\u00a0\u00bbbtn-circle\u00a0\u00bb cart_button_wide=\u00a0\u00bbyes\u00a0\u00bb cart_button_custom_typo=\u00a0\u00bbyes\u00a0\u00bb cart_button_font_family=\u00a0\u00bbfont-762333&Prime; cart_button_font_weight=\u00a0\u00bb500&Prime; cart_button_text_transform=\u00a0\u00bbcapitalize\u00a0\u00bb cart_button_border_width=\u00a0\u00bb0&Prime; form_style=\u00a0\u00bbdefault-underline\u00a0\u00bb cart_button_scale_mobile=\u00a0\u00bbno\u00a0\u00bb uncode_shortcode_id=\u00a0\u00bb170289&Prime; cart_button_button_color_type=\u00a0\u00bbuncode-palette\u00a0\u00bb][\/vc_column][\/vc_row]<\/p>\n<\/div>","protected":false},"excerpt":{"rendered":"<p>[vc_row row_height_percent=\u00a0\u00bb0&Prime; override_padding=\u00a0\u00bbyes\u00a0\u00bb h_padding=\u00a0\u00bb2&Prime; top_padding=\u00a0\u00bb0&Prime; bottom_padding=\u00a0\u00bb3&Prime; overlay_alpha=\u00a0\u00bb50&Prime; gutter_size=\u00a0\u00bb3&Prime; column_width_percent=\u00a0\u00bb100&Prime; shift_y=\u00a0\u00bb0&Prime; z_index=\u00a0\u00bb0&Prime; top_divider=\u00a0\u00bbgradient\u00a0\u00bb uncode_shortcode_id=\u00a0\u00bb194616&Prime;][vc_column column_width_percent=\u00a0\u00bb100&Prime; position_vertical=\u00a0\u00bbmiddle\u00a0\u00bb gutter_size=\u00a0\u00bb3&Prime; font_family=\u00a0\u00bbfont-136269&Prime; overlay_alpha=\u00a0\u00bb50&Prime; shift_x=\u00a0\u00bb0&Prime; shift_y=\u00a0\u00bb0&Prime; [&hellip;]<\/p>\n","protected":false},"author":3,"featured_media":0,"parent":0,"menu_order":0,"comment_status":"closed","ping_status":"closed","template":"","meta":{"_acf_changed":false,"footnotes":""},"class_list":["post-117773","page","type-page","status-publish","hentry"],"acf":[],"yoast_head":"<!-- This site is optimized with the Yoast SEO Premium plugin v27.3 (Yoast SEO v27.3) - https:\/\/yoast.com\/product\/yoast-seo-premium-wordpress\/ -->\n<title>Cart Primary - Digitaleo<\/title>\n<meta name=\"robots\" content=\"noindex, follow\" \/>\n<meta property=\"og:locale\" content=\"fr_FR\" \/>\n<meta property=\"og:type\" content=\"article\" \/>\n<meta property=\"og:title\" content=\"Cart Primary\" \/>\n<meta property=\"og:description\" content=\"[vc_row row_height_percent=\u00a0\u00bb0&Prime; override_padding=\u00a0\u00bbyes\u00a0\u00bb h_padding=\u00a0\u00bb2&Prime; top_padding=\u00a0\u00bb0&Prime; bottom_padding=\u00a0\u00bb3&Prime; overlay_alpha=\u00a0\u00bb50&Prime; gutter_size=\u00a0\u00bb3&Prime; column_width_percent=\u00a0\u00bb100&Prime; shift_y=\u00a0\u00bb0&Prime; z_index=\u00a0\u00bb0&Prime; top_divider=\u00a0\u00bbgradient\u00a0\u00bb uncode_shortcode_id=\u00a0\u00bb194616&Prime;][vc_column column_width_percent=\u00a0\u00bb100&Prime; position_vertical=\u00a0\u00bbmiddle\u00a0\u00bb gutter_size=\u00a0\u00bb3&Prime; font_family=\u00a0\u00bbfont-136269&Prime; overlay_alpha=\u00a0\u00bb50&Prime; shift_x=\u00a0\u00bb0&Prime; shift_y=\u00a0\u00bb0&Prime; [&hellip;]\" \/>\n<meta property=\"og:url\" content=\"https:\/\/www.digitaleo.com\/fr\/cart-primary\" \/>\n<meta property=\"og:site_name\" content=\"Digitaleo\" \/>\n<meta property=\"article:publisher\" content=\"https:\/\/www.facebook.com\/digitaleo\/\" \/>\n<meta property=\"article:modified_time\" content=\"2024-04-17T14:06:26+00:00\" \/>\n<meta property=\"og:image\" content=\"https:\/\/www.digitaleo.com\/wp-content\/uploads\/2023\/09\/digitaleo-share.jpg\" \/>\n\t<meta property=\"og:image:width\" content=\"1024\" \/>\n\t<meta property=\"og:image:height\" content=\"512\" \/>\n\t<meta property=\"og:image:type\" content=\"image\/jpeg\" \/>\n<meta name=\"twitter:card\" content=\"summary_large_image\" \/>\n<meta name=\"twitter:site\" content=\"@digitaleo\" \/>\n<meta name=\"twitter:label1\" content=\"Dur\u00e9e de lecture estim\u00e9e\" \/>\n\t<meta name=\"twitter:data1\" content=\"1 minute\" \/>\n<script type=\"application\/ld+json\" class=\"yoast-schema-graph\">{\"@context\":\"https:\\\/\\\/schema.org\",\"@graph\":[{\"@type\":\"WebPage\",\"@id\":\"https:\\\/\\\/www.digitaleo.com\\\/fr\\\/cart-primary\",\"url\":\"https:\\\/\\\/www.digitaleo.com\\\/fr\\\/cart-primary\",\"name\":\"Cart Primary - Digitaleo\",\"isPartOf\":{\"@id\":\"https:\\\/\\\/www.digitaleo.com\\\/fr\\\/#website\"},\"datePublished\":\"2020-03-20T11:16:36+00:00\",\"dateModified\":\"2024-04-17T14:06:26+00:00\",\"breadcrumb\":{\"@id\":\"https:\\\/\\\/www.digitaleo.com\\\/fr\\\/cart-primary#breadcrumb\"},\"inLanguage\":\"fr-FR\",\"potentialAction\":[{\"@type\":\"ReadAction\",\"target\":[\"https:\\\/\\\/www.digitaleo.com\\\/fr\\\/cart-primary\"]}]},{\"@type\":\"BreadcrumbList\",\"@id\":\"https:\\\/\\\/www.digitaleo.com\\\/fr\\\/cart-primary#breadcrumb\",\"itemListElement\":[{\"@type\":\"ListItem\",\"position\":1,\"name\":\"Home\",\"item\":\"https:\\\/\\\/www.digitaleo.com\\\/fr\"},{\"@type\":\"ListItem\",\"position\":2,\"name\":\"Cart Primary\"}]},{\"@type\":\"WebSite\",\"@id\":\"https:\\\/\\\/www.digitaleo.com\\\/fr\\\/#website\",\"url\":\"https:\\\/\\\/www.digitaleo.com\\\/fr\\\/\",\"name\":\"Digitaleo\",\"description\":\"La solution qui simplifie le marketing local.\",\"publisher\":{\"@id\":\"https:\\\/\\\/www.digitaleo.com\\\/fr\\\/#organization\"},\"potentialAction\":[{\"@type\":\"SearchAction\",\"target\":{\"@type\":\"EntryPoint\",\"urlTemplate\":\"https:\\\/\\\/www.digitaleo.com\\\/fr\\\/?s={search_term_string}\"},\"query-input\":{\"@type\":\"PropertyValueSpecification\",\"valueRequired\":true,\"valueName\":\"search_term_string\"}}],\"inLanguage\":\"fr-FR\"},{\"@type\":\"Organization\",\"@id\":\"https:\\\/\\\/www.digitaleo.com\\\/fr\\\/#organization\",\"name\":\"Digitaleo\",\"url\":\"https:\\\/\\\/www.digitaleo.com\\\/fr\\\/\",\"logo\":{\"@type\":\"ImageObject\",\"inLanguage\":\"fr-FR\",\"@id\":\"https:\\\/\\\/www.digitaleo.com\\\/fr\\\/#\\\/schema\\\/logo\\\/image\\\/\",\"url\":\"https:\\\/\\\/www.digitaleo.com\\\/wp-content\\\/uploads\\\/2021\\\/02\\\/logo-digitaleoHD-bgbleu-2.jpg\",\"contentUrl\":\"https:\\\/\\\/www.digitaleo.com\\\/wp-content\\\/uploads\\\/2021\\\/02\\\/logo-digitaleoHD-bgbleu-2.jpg\",\"width\":842,\"height\":596,\"caption\":\"Digitaleo\"},\"image\":{\"@id\":\"https:\\\/\\\/www.digitaleo.com\\\/fr\\\/#\\\/schema\\\/logo\\\/image\\\/\"},\"sameAs\":[\"https:\\\/\\\/www.facebook.com\\\/digitaleo\\\/\",\"https:\\\/\\\/x.com\\\/digitaleo\",\"https:\\\/\\\/www.instagram.com\\\/digitaleo\\\/\",\"https:\\\/\\\/www.linkedin.com\\\/company\\\/digitaleo\",\"https:\\\/\\\/www.youtube.com\\\/user\\\/DigitaleoFR\"],\"description\":\"Depuis 2004, Digitaleo accompagne plus de 600 r\u00e9seaux en leur proposant une solution qui facilite la gestion centralis\u00e9e ou d\u00e9centralis\u00e9e de leurs actions de marketing local. La plateforme SaaS tout-en-un regroupe l\u2019ensemble des outils essentiels au marketing local : presence management, store locator, avis clients, r\u00e9seaux sociaux, campagnes sponsoris\u00e9es, marketing direct, digital asset management, print et goodies. R\u00e9pondant ainsi aux objectifs strat\u00e9giques de ses clients en mati\u00e8re de notori\u00e9t\u00e9, acquisition et fid\u00e9lisation. Digitaleo c\u2019est aussi une offre servicielle pens\u00e9e pour piloter des strat\u00e9gies nationales et multi-locales avec 3 expertises d\u00e9di\u00e9es: Ads : campagnes sponsoris\u00e9es certifi\u00e9es sur Google, Meta, Pinterest, TikTok. Cr\u00e9a : conception de concepts cr\u00e9atifs impactants. Multicanale : leviers traditionnels (SMS, mailing\u2026) et innovants (DOOH, RCS, WhatsApp, TV segment\u00e9e\u2026).\",\"telephone\":\"0256036700\",\"vatID\":\"FR17451322119\",\"taxID\":\"451 322 119 00038\",\"numberOfEmployees\":{\"@type\":\"QuantitativeValue\",\"minValue\":\"51\",\"maxValue\":\"200\"}}]}<\/script>\n<!-- \/ Yoast SEO Premium plugin. -->","yoast_head_json":{"title":"Cart Primary - Digitaleo","robots":{"index":"noindex","follow":"follow"},"og_locale":"fr_FR","og_type":"article","og_title":"Cart Primary","og_description":"[vc_row row_height_percent=\u00a0\u00bb0&Prime; override_padding=\u00a0\u00bbyes\u00a0\u00bb h_padding=\u00a0\u00bb2&Prime; top_padding=\u00a0\u00bb0&Prime; bottom_padding=\u00a0\u00bb3&Prime; overlay_alpha=\u00a0\u00bb50&Prime; gutter_size=\u00a0\u00bb3&Prime; column_width_percent=\u00a0\u00bb100&Prime; shift_y=\u00a0\u00bb0&Prime; z_index=\u00a0\u00bb0&Prime; top_divider=\u00a0\u00bbgradient\u00a0\u00bb uncode_shortcode_id=\u00a0\u00bb194616&Prime;][vc_column column_width_percent=\u00a0\u00bb100&Prime; position_vertical=\u00a0\u00bbmiddle\u00a0\u00bb gutter_size=\u00a0\u00bb3&Prime; font_family=\u00a0\u00bbfont-136269&Prime; overlay_alpha=\u00a0\u00bb50&Prime; shift_x=\u00a0\u00bb0&Prime; shift_y=\u00a0\u00bb0&Prime; [&hellip;]","og_url":"https:\/\/www.digitaleo.com\/fr\/cart-primary","og_site_name":"Digitaleo","article_publisher":"https:\/\/www.facebook.com\/digitaleo\/","article_modified_time":"2024-04-17T14:06:26+00:00","og_image":[{"width":1024,"height":512,"url":"https:\/\/www.digitaleo.com\/wp-content\/uploads\/2023\/09\/digitaleo-share.jpg","type":"image\/jpeg"}],"twitter_card":"summary_large_image","twitter_site":"@digitaleo","twitter_misc":{"Dur\u00e9e de lecture estim\u00e9e":"1 minute"},"schema":{"@context":"https:\/\/schema.org","@graph":[{"@type":"WebPage","@id":"https:\/\/www.digitaleo.com\/fr\/cart-primary","url":"https:\/\/www.digitaleo.com\/fr\/cart-primary","name":"Cart Primary - Digitaleo","isPartOf":{"@id":"https:\/\/www.digitaleo.com\/fr\/#website"},"datePublished":"2020-03-20T11:16:36+00:00","dateModified":"2024-04-17T14:06:26+00:00","breadcrumb":{"@id":"https:\/\/www.digitaleo.com\/fr\/cart-primary#breadcrumb"},"inLanguage":"fr-FR","potentialAction":[{"@type":"ReadAction","target":["https:\/\/www.digitaleo.com\/fr\/cart-primary"]}]},{"@type":"BreadcrumbList","@id":"https:\/\/www.digitaleo.com\/fr\/cart-primary#breadcrumb","itemListElement":[{"@type":"ListItem","position":1,"name":"Home","item":"https:\/\/www.digitaleo.com\/fr"},{"@type":"ListItem","position":2,"name":"Cart Primary"}]},{"@type":"WebSite","@id":"https:\/\/www.digitaleo.com\/fr\/#website","url":"https:\/\/www.digitaleo.com\/fr\/","name":"Digitaleo","description":"La solution qui simplifie le marketing local.","publisher":{"@id":"https:\/\/www.digitaleo.com\/fr\/#organization"},"potentialAction":[{"@type":"SearchAction","target":{"@type":"EntryPoint","urlTemplate":"https:\/\/www.digitaleo.com\/fr\/?s={search_term_string}"},"query-input":{"@type":"PropertyValueSpecification","valueRequired":true,"valueName":"search_term_string"}}],"inLanguage":"fr-FR"},{"@type":"Organization","@id":"https:\/\/www.digitaleo.com\/fr\/#organization","name":"Digitaleo","url":"https:\/\/www.digitaleo.com\/fr\/","logo":{"@type":"ImageObject","inLanguage":"fr-FR","@id":"https:\/\/www.digitaleo.com\/fr\/#\/schema\/logo\/image\/","url":"https:\/\/www.digitaleo.com\/wp-content\/uploads\/2021\/02\/logo-digitaleoHD-bgbleu-2.jpg","contentUrl":"https:\/\/www.digitaleo.com\/wp-content\/uploads\/2021\/02\/logo-digitaleoHD-bgbleu-2.jpg","width":842,"height":596,"caption":"Digitaleo"},"image":{"@id":"https:\/\/www.digitaleo.com\/fr\/#\/schema\/logo\/image\/"},"sameAs":["https:\/\/www.facebook.com\/digitaleo\/","https:\/\/x.com\/digitaleo","https:\/\/www.instagram.com\/digitaleo\/","https:\/\/www.linkedin.com\/company\/digitaleo","https:\/\/www.youtube.com\/user\/DigitaleoFR"],"description":"Depuis 2004, Digitaleo accompagne plus de 600 r\u00e9seaux en leur proposant une solution qui facilite la gestion centralis\u00e9e ou d\u00e9centralis\u00e9e de leurs actions de marketing local. La plateforme SaaS tout-en-un regroupe l\u2019ensemble des outils essentiels au marketing local : presence management, store locator, avis clients, r\u00e9seaux sociaux, campagnes sponsoris\u00e9es, marketing direct, digital asset management, print et goodies. R\u00e9pondant ainsi aux objectifs strat\u00e9giques de ses clients en mati\u00e8re de notori\u00e9t\u00e9, acquisition et fid\u00e9lisation. Digitaleo c\u2019est aussi une offre servicielle pens\u00e9e pour piloter des strat\u00e9gies nationales et multi-locales avec 3 expertises d\u00e9di\u00e9es: Ads : campagnes sponsoris\u00e9es certifi\u00e9es sur Google, Meta, Pinterest, TikTok. Cr\u00e9a : conception de concepts cr\u00e9atifs impactants. Multicanale : leviers traditionnels (SMS, mailing\u2026) et innovants (DOOH, RCS, WhatsApp, TV segment\u00e9e\u2026).","telephone":"0256036700","vatID":"FR17451322119","taxID":"451 322 119 00038","numberOfEmployees":{"@type":"QuantitativeValue","minValue":"51","maxValue":"200"}}]}},"_links":{"self":[{"href":"https:\/\/www.digitaleo.com\/fr\/wp-json\/wp\/v2\/pages\/117773","targetHints":{"allow":["GET"]}}],"collection":[{"href":"https:\/\/www.digitaleo.com\/fr\/wp-json\/wp\/v2\/pages"}],"about":[{"href":"https:\/\/www.digitaleo.com\/fr\/wp-json\/wp\/v2\/types\/page"}],"author":[{"embeddable":true,"href":"https:\/\/www.digitaleo.com\/fr\/wp-json\/wp\/v2\/users\/3"}],"replies":[{"embeddable":true,"href":"https:\/\/www.digitaleo.com\/fr\/wp-json\/wp\/v2\/comments?post=117773"}],"version-history":[{"count":19,"href":"https:\/\/www.digitaleo.com\/fr\/wp-json\/wp\/v2\/pages\/117773\/revisions"}],"predecessor-version":[{"id":128175,"href":"https:\/\/www.digitaleo.com\/fr\/wp-json\/wp\/v2\/pages\/117773\/revisions\/128175"}],"wp:attachment":[{"href":"https:\/\/www.digitaleo.com\/fr\/wp-json\/wp\/v2\/media?parent=117773"}],"curies":[{"name":"wp","href":"https:\/\/api.w.org\/{rel}","templated":true}]}}