{"id":129046,"date":"2019-09-20T11:20:38","date_gmt":"2019-09-20T09:20:38","guid":{"rendered":"https:\/\/intg-new.digitaleo.fr\/?page_id=85178"},"modified":"2026-01-12T17:24:30","modified_gmt":"2026-01-12T16:24:30","slug":"request-a-demo","status":"publish","type":"page","link":"https:\/\/www.digitaleo.com\/en\/request-a-demo","title":{"rendered":"EN | Request a demo"},"content":{"rendered":"<div class=\"wpb-content-wrapper\"><p>[vc_row row_height_percent=&#8221;100&#8243; back_color=&#8221;color-191617&#8243; back_image=&#8221;160425&#8243; back_position=&#8221;right bottom&#8221; overlay_alpha=&#8221;50&#8243; gutter_size=&#8221;3&#8243; column_width_percent=&#8221;100&#8243; shift_y=&#8221;0&#8243; z_index=&#8221;0&#8243; medium_visibility=&#8221;yes&#8221; mobile_visibility=&#8221;yes&#8221; content_parallax=&#8221;0&#8243; uncode_shortcode_id=&#8221;456195&#8243; back_color_type=&#8221;uncode-palette&#8221; back_size=&#8221;60%&#8221;][vc_column column_width_percent=&#8221;100&#8243; gutter_size=&#8221;2&#8243; overlay_alpha=&#8221;50&#8243; shift_x=&#8221;0&#8243; shift_y=&#8221;0&#8243; shift_y_down=&#8221;0&#8243; z_index=&#8221;0&#8243; medium_width=&#8221;0&#8243; mobile_width=&#8221;0&#8243; width=&#8221;1\/1&#8243; uncode_shortcode_id=&#8221;388693&#8243;][vc_row_inner row_inner_height_percent=&#8221;0&#8243; overlay_alpha=&#8221;50&#8243; equal_height=&#8221;yes&#8221; gutter_size=&#8221;4&#8243; shift_y=&#8221;0&#8243; z_index=&#8221;0&#8243; inverted_device_order=&#8221;yes&#8221; uncode_shortcode_id=&#8221;763843&#8243;][vc_column_inner column_width_percent=&#8221;100&#8243; position_horizontal=&#8221;left&#8221; gutter_size=&#8221;2&#8243; style=&#8221;dark&#8221; overlay_alpha=&#8221;50&#8243; shift_x=&#8221;0&#8243; shift_y=&#8221;0&#8243; shift_y_down=&#8221;0&#8243; z_index=&#8221;0&#8243; medium_width=&#8221;0&#8243; mobile_width=&#8221;0&#8243; width=&#8221;1\/2&#8243; uncode_shortcode_id=&#8221;160951&#8243;][vc_icon position=&#8221;left&#8221; icon_image=&#8221;143194&#8243; icon_color=&#8221;accent&#8221; heading_semantic=&#8221;p&#8221; text_size=&#8221;&#8221; link=&#8221;|||&#8221; uncode_shortcode_id=&#8221;987262&#8243; icon_color_type=&#8221;uncode-palette&#8221;]<strong>Fill in the form<br \/>\n<\/strong>This information is necessary for us to contact you.[\/vc_icon][vc_icon position=&#8221;left&#8221; icon_image=&#8221;143199&#8243; icon_color=&#8221;accent&#8221; heading_semantic=&#8221;p&#8221; text_size=&#8221;&#8221; link=&#8221;|||&#8221; uncode_shortcode_id=&#8221;170086&#8243; icon_color_type=&#8221;uncode-palette&#8221;]<strong>We will call you back shortly<br \/>\n\u200d<\/strong>An expert will contact you to discuss your requirements and schedule a personalised demonstration.[\/vc_icon][vc_icon position=&#8221;left&#8221; icon_image=&#8221;143197&#8243; icon_color=&#8221;accent&#8221; heading_semantic=&#8221;p&#8221; text_size=&#8221;&#8221; link=&#8221;|||&#8221; uncode_shortcode_id=&#8221;112994&#8243; icon_color_type=&#8221;uncode-palette&#8221;]<strong>Your demonstration is scheduled<br \/>\n<\/strong>We present solutions that can meet your needs.[\/vc_icon][vc_empty_space empty_h=&#8221;1&#8243;][vc_separator sep_color=&#8221;&#8221; uncode_shortcode_id=&#8221;114285&#8243; el_width=&#8221;100%&#8221; el_height=&#8221;4px&#8221;][vc_empty_space empty_h=&#8221;2&#8243;][vc_custom_heading heading_semantic=&#8221;h1&#8243; text_size=&#8221;h6&#8243; text_weight=&#8221;400&#8243; uncode_shortcode_id=&#8221;205696&#8243;]Because they also started with a demo:[\/vc_custom_heading][vc_gallery el_id=&#8221;gallery-990767384&#8243; type=&#8221;carousel&#8221; random=&#8221;yes&#8221; medias=&#8221;143191,143189,143187,143185,143183,143181,143179,143175,143177&#8243; carousel_lg=&#8221;3&#8243; carousel_md=&#8221;3&#8243; carousel_sm=&#8221;3&#8243; gutter_size=&#8221;4&#8243; media_items=&#8221;media|nolink|original&#8221; carousel_interval=&#8221;3000&#8243; carousel_navspeed=&#8221;400&#8243; carousel_loop=&#8221;yes&#8221; carousel_nav=&#8221;yes&#8221; carousel_nav_mobile=&#8221;yes&#8221; carousel_nav_skin=&#8221;dark&#8221; carousel_dots_mobile=&#8221;yes&#8221; stage_padding=&#8221;0&#8243; single_overlay_opacity=&#8221;50&#8243; single_overlay_anim=&#8221;no&#8221; single_text_anim=&#8221;no&#8221; single_image_anim=&#8221;no&#8221; single_h_align=&#8221;center&#8221; single_v_position=&#8221;top&#8221; single_padding=&#8221;2&#8243; single_border=&#8221;yes&#8221; lbox_no_arrows=&#8221;yes&#8221; lbox_no_tmb=&#8221;yes&#8221; el_class=&#8221;.success-stories&#8221; uncode_shortcode_id=&#8221;142395&#8243;][vc_empty_space empty_h=&#8221;2&#8243;][\/vc_column_inner][vc_column_inner column_width_percent=&#8221;100&#8243; gutter_size=&#8221;3&#8243; overlay_alpha=&#8221;50&#8243; shift_x=&#8221;0&#8243; shift_y=&#8221;0&#8243; shift_y_down=&#8221;0&#8243; z_index=&#8221;0&#8243; medium_width=&#8221;0&#8243; mobile_width=&#8221;0&#8243; sticky=&#8221;yes&#8221; width=&#8221;1\/2&#8243; uncode_shortcode_id=&#8221;911902&#8243;][vc_column_text uncode_shortcode_id=&#8221;779796&#8243;]<script charset=\"utf-8\" type=\"text\/javascript\" src=\"\/\/js.hsforms.net\/forms\/v2.js\"><\/script>\n\n<script>\n    hbspt.forms.create({portalId: \"667577\", formId: \"a097b4a3-33c9-47aa-a958-65bf746afe72\"});\n<\/script>[\/vc_column_text][\/vc_column_inner][\/vc_row_inner][\/vc_column][\/vc_row][vc_row row_height_percent=&#8221;0&#8243; back_color=&#8221;color-191617&#8243; overlay_alpha=&#8221;50&#8243; gutter_size=&#8221;3&#8243; column_width_percent=&#8221;100&#8243; shift_y=&#8221;0&#8243; z_index=&#8221;0&#8243; desktop_visibility=&#8221;yes&#8221; uncode_shortcode_id=&#8221;874224&#8243; back_color_type=&#8221;uncode-palette&#8221;][vc_column width=&#8221;1\/1&#8243;][vc_single_image media=&#8221;91724&#8243; media_width_use_pixel=&#8221;yes&#8221; media_link=&#8221;url:https%3A%2F%2Fwww.digitaleo.com|title:Homepage&#8221; media_width_pixel=&#8221;250&#8243; uncode_shortcode_id=&#8221;928472&#8243;][vc_empty_space empty_h=&#8221;1&#8243;][vc_row_inner row_inner_height_percent=&#8221;0&#8243; overlay_alpha=&#8221;50&#8243; equal_height=&#8221;yes&#8221; gutter_size=&#8221;4&#8243; shift_y=&#8221;0&#8243; z_index=&#8221;0&#8243; inverted_device_order=&#8221;yes&#8221; uncode_shortcode_id=&#8221;763843&#8243;][vc_column_inner column_width_percent=&#8221;100&#8243; position_horizontal=&#8221;left&#8221; gutter_size=&#8221;2&#8243; style=&#8221;dark&#8221; overlay_alpha=&#8221;50&#8243; shift_x=&#8221;0&#8243; shift_y=&#8221;0&#8243; shift_y_down=&#8221;0&#8243; z_index=&#8221;0&#8243; medium_width=&#8221;0&#8243; mobile_width=&#8221;0&#8243; width=&#8221;1\/2&#8243; uncode_shortcode_id=&#8221;160951&#8243;][vc_icon position=&#8221;left&#8221; icon_image=&#8221;143194&#8243; icon_color=&#8221;accent&#8221; heading_semantic=&#8221;p&#8221; text_size=&#8221;&#8221; link=&#8221;|||&#8221; uncode_shortcode_id=&#8221;987262&#8243; icon_color_type=&#8221;uncode-palette&#8221;]<strong>Fill in the form<br \/>\n<\/strong>This information is necessary for us to contact you.[\/vc_icon][vc_icon position=&#8221;left&#8221; icon_image=&#8221;143199&#8243; icon_color=&#8221;accent&#8221; heading_semantic=&#8221;p&#8221; text_size=&#8221;&#8221; link=&#8221;|||&#8221; uncode_shortcode_id=&#8221;170086&#8243; icon_color_type=&#8221;uncode-palette&#8221;]<strong>We will call you back shortly<br \/>\n\u200d<\/strong>An expert will contact you to discuss your requirements and schedule a personalised demonstration.[\/vc_icon][vc_icon position=&#8221;left&#8221; icon_image=&#8221;143197&#8243; icon_color=&#8221;accent&#8221; heading_semantic=&#8221;p&#8221; text_size=&#8221;&#8221; link=&#8221;|||&#8221; uncode_shortcode_id=&#8221;112994&#8243; icon_color_type=&#8221;uncode-palette&#8221;]<strong>Your demonstration is scheduled<br \/>\n<\/strong>We present solutions that can meet your needs.[\/vc_icon][vc_empty_space empty_h=&#8221;1&#8243;][vc_separator sep_color=&#8221;&#8221; uncode_shortcode_id=&#8221;114285&#8243; el_width=&#8221;100%&#8221; el_height=&#8221;4px&#8221;][vc_empty_space empty_h=&#8221;2&#8243;][vc_custom_heading heading_semantic=&#8221;h1&#8243; text_size=&#8221;h6&#8243; text_weight=&#8221;400&#8243; uncode_shortcode_id=&#8221;205696&#8243;]Because they also started with a demo:[\/vc_custom_heading][vc_gallery el_id=&#8221;gallery-990767384&#8243; type=&#8221;carousel&#8221; random=&#8221;yes&#8221; medias=&#8221;143191,143189,143187,143185,143183,143181,143179,143175,143177&#8243; carousel_lg=&#8221;6&#8243; carousel_md=&#8221;6&#8243; carousel_sm=&#8221;3&#8243; gutter_size=&#8221;4&#8243; media_items=&#8221;media|nolink|original&#8221; carousel_interval=&#8221;3000&#8243; carousel_navspeed=&#8221;400&#8243; carousel_loop=&#8221;yes&#8221; carousel_nav=&#8221;yes&#8221; carousel_nav_mobile=&#8221;yes&#8221; carousel_nav_skin=&#8221;dark&#8221; carousel_dots_mobile=&#8221;yes&#8221; stage_padding=&#8221;0&#8243; single_overlay_opacity=&#8221;50&#8243; single_overlay_anim=&#8221;no&#8221; single_text_anim=&#8221;no&#8221; single_image_anim=&#8221;no&#8221; single_h_align=&#8221;center&#8221; single_v_position=&#8221;top&#8221; single_padding=&#8221;2&#8243; single_border=&#8221;yes&#8221; lbox_no_arrows=&#8221;yes&#8221; lbox_no_tmb=&#8221;yes&#8221; el_class=&#8221;.success-stories&#8221; uncode_shortcode_id=&#8221;178477&#8243;][vc_empty_space empty_h=&#8221;2&#8243;][\/vc_column_inner][vc_column_inner column_width_percent=&#8221;100&#8243; gutter_size=&#8221;3&#8243; overlay_alpha=&#8221;50&#8243; shift_x=&#8221;0&#8243; shift_y=&#8221;0&#8243; shift_y_down=&#8221;0&#8243; z_index=&#8221;0&#8243; medium_width=&#8221;0&#8243; mobile_width=&#8221;0&#8243; sticky=&#8221;yes&#8221; width=&#8221;1\/2&#8243; uncode_shortcode_id=&#8221;911902&#8243;][vc_column_text uncode_shortcode_id=&#8221;195788&#8243;]<script charset=\"utf-8\" type=\"text\/javascript\" src=\"\/\/js.hsforms.net\/forms\/v2.js\"><\/script>\n\n<script>\n    hbspt.forms.create({portalId: \"667577\", formId: \"a097b4a3-33c9-47aa-a958-65bf746afe72\"});\n<\/script>[\/vc_column_text][\/vc_column_inner][\/vc_row_inner][\/vc_column][\/vc_row]<\/p>\n<\/div>","protected":false},"excerpt":{"rendered":"<p>[vc_row row_height_percent=&#8221;100&#8243; back_color=&#8221;color-191617&#8243; back_image=&#8221;160425&#8243; back_position=&#8221;right bottom&#8221; overlay_alpha=&#8221;50&#8243; gutter_size=&#8221;3&#8243; column_width_percent=&#8221;100&#8243; shift_y=&#8221;0&#8243; z_index=&#8221;0&#8243; medium_visibility=&#8221;yes&#8221; mobile_visibility=&#8221;yes&#8221; content_parallax=&#8221;0&#8243; uncode_shortcode_id=&#8221;456195&#8243; back_color_type=&#8221;uncode-palette&#8221; back_size=&#8221;60%&#8221;][vc_column column_width_percent=&#8221;100&#8243; gutter_size=&#8221;2&#8243; overlay_alpha=&#8221;50&#8243; [&hellip;]<\/p>\n","protected":false},"author":20,"featured_media":0,"parent":0,"menu_order":0,"comment_status":"closed","ping_status":"closed","template":"","meta":{"_acf_changed":false,"footnotes":""},"class_list":["post-129046","page","type-page","status-publish","hentry"],"acf":[],"yoast_head":"<!-- This site is optimized with the Yoast SEO Premium plugin v27.3 (Yoast SEO v27.3) - https:\/\/yoast.com\/product\/yoast-seo-premium-wordpress\/ -->\n<title>EN | Request a demo - Digitaleo<\/title>\n<meta name=\"description\" content=\"Our teams will contact you to present our solution and the benefits for your network. Contact us for a free demo!\" \/>\n<meta name=\"robots\" content=\"index, follow, max-snippet:-1, max-image-preview:large, max-video-preview:-1\" \/>\n<link rel=\"canonical\" href=\"https:\/\/www.digitaleo.com\/en\/request-a-demo\" \/>\n<meta property=\"og:locale\" content=\"en_US\" \/>\n<meta property=\"og:type\" content=\"article\" \/>\n<meta property=\"og:title\" content=\"EN | Request a demo\" \/>\n<meta property=\"og:description\" content=\"Our teams will contact you to present our solution and the benefits for your network. Contact us for a free demo!\" \/>\n<meta property=\"og:url\" content=\"https:\/\/www.digitaleo.com\/en\/request-a-demo\" \/>\n<meta property=\"og:site_name\" content=\"Digitaleo\" \/>\n<meta property=\"article:publisher\" content=\"https:\/\/www.facebook.com\/digitaleo\/\" \/>\n<meta property=\"article:modified_time\" content=\"2026-01-12T16:24:30+00:00\" \/>\n<meta property=\"og:image\" content=\"https:\/\/www.digitaleo.com\/wp-content\/uploads\/2023\/09\/digitaleo-share.jpg\" \/>\n\t<meta property=\"og:image:width\" content=\"1024\" \/>\n\t<meta property=\"og:image:height\" content=\"512\" \/>\n\t<meta property=\"og:image:type\" content=\"image\/jpeg\" \/>\n<meta name=\"twitter:card\" content=\"summary_large_image\" \/>\n<meta name=\"twitter:site\" content=\"@digitaleo\" \/>\n<meta name=\"twitter:label1\" content=\"Est. reading time\" \/>\n\t<meta name=\"twitter:data1\" content=\"2 minutes\" \/>\n<script type=\"application\/ld+json\" class=\"yoast-schema-graph\">{\"@context\":\"https:\\\/\\\/schema.org\",\"@graph\":[{\"@type\":\"WebPage\",\"@id\":\"https:\\\/\\\/www.digitaleo.com\\\/en\\\/request-a-demo\",\"url\":\"https:\\\/\\\/www.digitaleo.com\\\/en\\\/request-a-demo\",\"name\":\"EN | Request a demo - Digitaleo\",\"isPartOf\":{\"@id\":\"https:\\\/\\\/www.digitaleo.com\\\/en#website\"},\"datePublished\":\"2019-09-20T09:20:38+00:00\",\"dateModified\":\"2026-01-12T16:24:30+00:00\",\"description\":\"Our teams will contact you to present our solution and the benefits for your network. Contact us for a free demo!\",\"breadcrumb\":{\"@id\":\"https:\\\/\\\/www.digitaleo.com\\\/en\\\/request-a-demo#breadcrumb\"},\"inLanguage\":\"en-US\",\"potentialAction\":[{\"@type\":\"ReadAction\",\"target\":[\"https:\\\/\\\/www.digitaleo.com\\\/en\\\/request-a-demo\"]}]},{\"@type\":\"BreadcrumbList\",\"@id\":\"https:\\\/\\\/www.digitaleo.com\\\/en\\\/request-a-demo#breadcrumb\",\"itemListElement\":[{\"@type\":\"ListItem\",\"position\":1,\"name\":\"Home\",\"item\":\"https:\\\/\\\/www.digitaleo.com\\\/en\"},{\"@type\":\"ListItem\",\"position\":2,\"name\":\"EN | Request a demo\"}]},{\"@type\":\"WebSite\",\"@id\":\"https:\\\/\\\/www.digitaleo.com\\\/en#website\",\"url\":\"https:\\\/\\\/www.digitaleo.com\\\/en\",\"name\":\"Digitaleo\",\"description\":\"La solution qui simplifie le marketing local.\",\"publisher\":{\"@id\":\"https:\\\/\\\/www.digitaleo.com\\\/en#organization\"},\"potentialAction\":[{\"@type\":\"SearchAction\",\"target\":{\"@type\":\"EntryPoint\",\"urlTemplate\":\"https:\\\/\\\/www.digitaleo.com\\\/en?s={search_term_string}\"},\"query-input\":{\"@type\":\"PropertyValueSpecification\",\"valueRequired\":true,\"valueName\":\"search_term_string\"}}],\"inLanguage\":\"en-US\"},{\"@type\":\"Organization\",\"@id\":\"https:\\\/\\\/www.digitaleo.com\\\/en#organization\",\"name\":\"Digitaleo\",\"url\":\"https:\\\/\\\/www.digitaleo.com\\\/en\",\"logo\":{\"@type\":\"ImageObject\",\"inLanguage\":\"en-US\",\"@id\":\"https:\\\/\\\/www.digitaleo.com\\\/en#\\\/schema\\\/logo\\\/image\\\/\",\"url\":\"https:\\\/\\\/www.digitaleo.com\\\/wp-content\\\/uploads\\\/2021\\\/02\\\/logo-digitaleoHD-bgbleu-2.jpg\",\"contentUrl\":\"https:\\\/\\\/www.digitaleo.com\\\/wp-content\\\/uploads\\\/2021\\\/02\\\/logo-digitaleoHD-bgbleu-2.jpg\",\"width\":842,\"height\":596,\"caption\":\"Digitaleo\"},\"image\":{\"@id\":\"https:\\\/\\\/www.digitaleo.com\\\/en#\\\/schema\\\/logo\\\/image\\\/\"},\"sameAs\":[\"https:\\\/\\\/www.facebook.com\\\/digitaleo\\\/\",\"https:\\\/\\\/x.com\\\/digitaleo\",\"https:\\\/\\\/www.instagram.com\\\/digitaleo\\\/\",\"https:\\\/\\\/www.linkedin.com\\\/company\\\/digitaleo\",\"https:\\\/\\\/www.youtube.com\\\/user\\\/DigitaleoFR\"],\"description\":\"Depuis 2004, Digitaleo accompagne plus de 600 r\u00e9seaux en leur proposant une solution qui facilite la gestion centralis\u00e9e ou d\u00e9centralis\u00e9e de leurs actions de marketing local. La plateforme SaaS tout-en-un regroupe l\u2019ensemble des outils essentiels au marketing local : presence management, store locator, avis clients, r\u00e9seaux sociaux, campagnes sponsoris\u00e9es, marketing direct, digital asset management, print et goodies. R\u00e9pondant ainsi aux objectifs strat\u00e9giques de ses clients en mati\u00e8re de notori\u00e9t\u00e9, acquisition et fid\u00e9lisation. Digitaleo c\u2019est aussi une offre servicielle pens\u00e9e pour piloter des strat\u00e9gies nationales et multi-locales avec 3 expertises d\u00e9di\u00e9es: Ads : campagnes sponsoris\u00e9es certifi\u00e9es sur Google, Meta, Pinterest, TikTok. Cr\u00e9a : conception de concepts cr\u00e9atifs impactants. Multicanale : leviers traditionnels (SMS, mailing\u2026) et innovants (DOOH, RCS, WhatsApp, TV segment\u00e9e\u2026).\",\"telephone\":\"0256036700\",\"vatID\":\"FR17451322119\",\"taxID\":\"451 322 119 00038\",\"numberOfEmployees\":{\"@type\":\"QuantitativeValue\",\"minValue\":\"51\",\"maxValue\":\"200\"}}]}<\/script>\n<!-- \/ Yoast SEO Premium plugin. -->","yoast_head_json":{"title":"EN | Request a demo - Digitaleo","description":"Our teams will contact you to present our solution and the benefits for your network. Contact us for a free demo!","robots":{"index":"index","follow":"follow","max-snippet":"max-snippet:-1","max-image-preview":"max-image-preview:large","max-video-preview":"max-video-preview:-1"},"canonical":"https:\/\/www.digitaleo.com\/en\/request-a-demo","og_locale":"en_US","og_type":"article","og_title":"EN | Request a demo","og_description":"Our teams will contact you to present our solution and the benefits for your network. Contact us for a free demo!","og_url":"https:\/\/www.digitaleo.com\/en\/request-a-demo","og_site_name":"Digitaleo","article_publisher":"https:\/\/www.facebook.com\/digitaleo\/","article_modified_time":"2026-01-12T16:24:30+00:00","og_image":[{"width":1024,"height":512,"url":"https:\/\/www.digitaleo.com\/wp-content\/uploads\/2023\/09\/digitaleo-share.jpg","type":"image\/jpeg"}],"twitter_card":"summary_large_image","twitter_site":"@digitaleo","twitter_misc":{"Est. reading time":"2 minutes"},"schema":{"@context":"https:\/\/schema.org","@graph":[{"@type":"WebPage","@id":"https:\/\/www.digitaleo.com\/en\/request-a-demo","url":"https:\/\/www.digitaleo.com\/en\/request-a-demo","name":"EN | Request a demo - Digitaleo","isPartOf":{"@id":"https:\/\/www.digitaleo.com\/en#website"},"datePublished":"2019-09-20T09:20:38+00:00","dateModified":"2026-01-12T16:24:30+00:00","description":"Our teams will contact you to present our solution and the benefits for your network. Contact us for a free demo!","breadcrumb":{"@id":"https:\/\/www.digitaleo.com\/en\/request-a-demo#breadcrumb"},"inLanguage":"en-US","potentialAction":[{"@type":"ReadAction","target":["https:\/\/www.digitaleo.com\/en\/request-a-demo"]}]},{"@type":"BreadcrumbList","@id":"https:\/\/www.digitaleo.com\/en\/request-a-demo#breadcrumb","itemListElement":[{"@type":"ListItem","position":1,"name":"Home","item":"https:\/\/www.digitaleo.com\/en"},{"@type":"ListItem","position":2,"name":"EN | Request a demo"}]},{"@type":"WebSite","@id":"https:\/\/www.digitaleo.com\/en#website","url":"https:\/\/www.digitaleo.com\/en","name":"Digitaleo","description":"La solution qui simplifie le marketing local.","publisher":{"@id":"https:\/\/www.digitaleo.com\/en#organization"},"potentialAction":[{"@type":"SearchAction","target":{"@type":"EntryPoint","urlTemplate":"https:\/\/www.digitaleo.com\/en?s={search_term_string}"},"query-input":{"@type":"PropertyValueSpecification","valueRequired":true,"valueName":"search_term_string"}}],"inLanguage":"en-US"},{"@type":"Organization","@id":"https:\/\/www.digitaleo.com\/en#organization","name":"Digitaleo","url":"https:\/\/www.digitaleo.com\/en","logo":{"@type":"ImageObject","inLanguage":"en-US","@id":"https:\/\/www.digitaleo.com\/en#\/schema\/logo\/image\/","url":"https:\/\/www.digitaleo.com\/wp-content\/uploads\/2021\/02\/logo-digitaleoHD-bgbleu-2.jpg","contentUrl":"https:\/\/www.digitaleo.com\/wp-content\/uploads\/2021\/02\/logo-digitaleoHD-bgbleu-2.jpg","width":842,"height":596,"caption":"Digitaleo"},"image":{"@id":"https:\/\/www.digitaleo.com\/en#\/schema\/logo\/image\/"},"sameAs":["https:\/\/www.facebook.com\/digitaleo\/","https:\/\/x.com\/digitaleo","https:\/\/www.instagram.com\/digitaleo\/","https:\/\/www.linkedin.com\/company\/digitaleo","https:\/\/www.youtube.com\/user\/DigitaleoFR"],"description":"Depuis 2004, Digitaleo accompagne plus de 600 r\u00e9seaux en leur proposant une solution qui facilite la gestion centralis\u00e9e ou d\u00e9centralis\u00e9e de leurs actions de marketing local. La plateforme SaaS tout-en-un regroupe l\u2019ensemble des outils essentiels au marketing local : presence management, store locator, avis clients, r\u00e9seaux sociaux, campagnes sponsoris\u00e9es, marketing direct, digital asset management, print et goodies. R\u00e9pondant ainsi aux objectifs strat\u00e9giques de ses clients en mati\u00e8re de notori\u00e9t\u00e9, acquisition et fid\u00e9lisation. Digitaleo c\u2019est aussi une offre servicielle pens\u00e9e pour piloter des strat\u00e9gies nationales et multi-locales avec 3 expertises d\u00e9di\u00e9es: Ads : campagnes sponsoris\u00e9es certifi\u00e9es sur Google, Meta, Pinterest, TikTok. Cr\u00e9a : conception de concepts cr\u00e9atifs impactants. Multicanale : leviers traditionnels (SMS, mailing\u2026) et innovants (DOOH, RCS, WhatsApp, TV segment\u00e9e\u2026).","telephone":"0256036700","vatID":"FR17451322119","taxID":"451 322 119 00038","numberOfEmployees":{"@type":"QuantitativeValue","minValue":"51","maxValue":"200"}}]}},"_links":{"self":[{"href":"https:\/\/www.digitaleo.com\/en\/wp-json\/wp\/v2\/pages\/129046","targetHints":{"allow":["GET"]}}],"collection":[{"href":"https:\/\/www.digitaleo.com\/en\/wp-json\/wp\/v2\/pages"}],"about":[{"href":"https:\/\/www.digitaleo.com\/en\/wp-json\/wp\/v2\/types\/page"}],"author":[{"embeddable":true,"href":"https:\/\/www.digitaleo.com\/en\/wp-json\/wp\/v2\/users\/20"}],"replies":[{"embeddable":true,"href":"https:\/\/www.digitaleo.com\/en\/wp-json\/wp\/v2\/comments?post=129046"}],"version-history":[{"count":7,"href":"https:\/\/www.digitaleo.com\/en\/wp-json\/wp\/v2\/pages\/129046\/revisions"}],"predecessor-version":[{"id":165158,"href":"https:\/\/www.digitaleo.com\/en\/wp-json\/wp\/v2\/pages\/129046\/revisions\/165158"}],"wp:attachment":[{"href":"https:\/\/www.digitaleo.com\/en\/wp-json\/wp\/v2\/media?parent=129046"}],"curies":[{"name":"wp","href":"https:\/\/api.w.org\/{rel}","templated":true}]}}